{"id":219,"date":"2024-01-09T06:50:34","date_gmt":"2024-01-09T06:50:34","guid":{"rendered":"https:\/\/puringlobal.com\/?page_id=219"},"modified":"2024-01-16T08:20:25","modified_gmt":"2024-01-16T08:20:25","slug":"waterproof-membranes","status":"publish","type":"page","link":"https:\/\/puringlobal.com\/tr\/waterproof-membranes\/","title":{"rendered":"Su Ge\u00e7irmez Membranlar"},"content":{"rendered":"<h1 class=\"wp-block-heading\">Poli\u00fcretan Re\u00e7ineler ( Su Yal\u0131t\u0131m Malzemeleri )<\/h1>\n\n\n\n<p>\u0130nsan hayat\u0131n\u0131 etkileyen her tu\u0308rlu\u0308 ortam i\u00e7in, yenilik\u00e7i, \u00e7evre dostu ve gu\u0308venli u\u0308ru\u0308nler sunarak gelecek nesillere mutlu ve huzurlu yasam s\u00f6zu\u0308 veriyor ve sizinle birlikte, sizin i\u00e7in y\u0131lmadan \u00e7al\u0131\u015f\u0131yoruz.<\/p>\n\n\n\n<p>Ya\u015fam\u0131z i\u00e7in su ne derece \u00f6nemli ise bir o kadar da tehlikelidir. Bilimi ve teknolojiyi kullanarak su\u0308rdu\u0308ru\u0308lebilir bir ya\u015fam i\u00e7in gerekli tu\u0308m \u015fartlar\u0131 sa\u011flamal\u0131y\u0131z. Bir taraftan suyun dikkatli ve gerekti\u011fi kadar kullan\u0131m\u0131na dikkat etmeli bir taraftan da bize zarar\u0131n\u0131 engellemeliyiz. Kendimizin ve sevdiklerimizin en gu\u0308vende oldu\u011fu yap\u0131lar\u0131m\u0131z\u0131n \u00f6mru\u0308 su ile temas\u0131 sonucu k\u0131salmaktad\u0131r. Beton yap\u0131lar suyun i\u00e7 b\u00f6lgelere ge\u00e7mesine mu\u0308saade edecektir. Beton yap\u0131lardaki iskelet g\u00f6revi g\u00f6ren demirler su temas\u0131 sonucu paslan\u0131r ve performans kayb\u0131na u\u011frar. Bu da binalar\u0131m\u0131z\u0131n ayakta kalmas\u0131n\u0131 zorla\u015ft\u0131r\u0131r. Dolay\u0131yla yap\u0131larda su izolasyonunun yap\u0131lmas\u0131 bizim ve sevdiklerimizin ya\u015famlar\u0131n\u0131 korumaktad\u0131r.<\/p>\n\n\n\n<p><strong>Su yal\u0131t\u0131m malzemeleri \u00f6zetlendi\u011finde a\u015fa\u011f\u0131daki alanlarda kullan\u0131l\u0131r;<\/strong><\/p>\n\n\n\n<p>\u2022 Temeller, toprak ile temas eden duvarlar,<br>\u2022 Suyun yap\u0131 d\u0131\u015f\u0131nda birikebilece\u011fi veya suyun s\u0131\u00e7rayabilece\u011fi seviyenin alt\u0131ndaki d\u0131\u015f duvarlar,<br>\u2022 Teras ve e\u011fimli \u00e7at\u0131lar,<br>\u2022 Balkonlar,<br>\u2022 Banyo ve WC gibi \u0131slak yu\u0308zeyler,<br>\u2022 Yu\u0308zme ve su\u0308s havuzlar\u0131,<br>\u2022 \u0130\u00e7me ve kullanma suyu depolar\u0131,<br>\u2022 Yapay g\u00f6l ve g\u00f6letler,<br>\u2022 Betondan imal edilen kanal ve dereler,<br>\u2022 A\u00e7 kapa ve oyma tu\u0308neller,<br>\u2022 K\u00f6pru\u0308 ve viyadu\u0308kler,<\/p>\n\n\n\n<p>Su izolasyonu temelden \u00e7at\u0131ya kadar her alanda yap\u0131lmas\u0131 gerekmektedir. Su izolasyonu i\u00e7in se\u00e7ilecek malzemenin \u00f6ncelikle suyun ge\u00e7i\u015fine engel olmas\u0131 gerekmektedir. \u0130lave olarak ise mekaniksel baz\u0131 \u00f6zellikler istenmektedir. Gu\u0308nu\u0308mu\u0308ze kadar baz\u0131 organik veya inorganik bir\u00e7ok malzeme kullan\u0131lm\u0131\u015ft\u0131r. Popu\u0308ler olanlar \u00e7imento esasl\u0131 inorganikler, akrilik re\u00e7ineler, bitu\u0308m re\u00e7ineler, bitu\u0308m-poliu\u0308retan re\u00e7ineler, poliu\u0308retan re\u00e7ineler \u015feklinde \u00f6zetlenebilir.<\/p>\n\n\n\n<p>Su izolasyon i\u015flemi suyun geldi\u011fi y\u00f6nden yap\u0131l\u0131rsa pozitif tarafl\u0131 su yal\u0131t\u0131m\u0131 denirken suyun geldi\u011fi y\u00f6nu\u0308n tersinden yap\u0131l\u0131rsa negatif tarafl\u0131 su yal\u0131t\u0131m\u0131 denir. Pozitif tarafl\u0131 su yal\u0131t\u0131m malzemeleri su\u0308rme esasl\u0131 malzemelerdir. Negatif tarafl\u0131 su yal\u0131t\u0131m malzemeleri ise enjeksiyon re\u00e7ineleridir.<\/p>\n\n\n\n<p>Polyurethane systems represent a special group that adds value to the present and the future as the most performance products for waterproofing. Let\u2019s explain the current and future-based product designs of waterproofing products that can be made with polyurethane resins with some titles;<\/p>\n\n\n\n<figure class=\"wp-block-image\"><img decoding=\"async\" src=\"https:\/\/puringlobal.com\/wp-content\/uploads\/2024\/01\/highate-1024x163.webp\" alt=\"Polyurethane Resins (Waterproofing Materials)\" class=\"wp-image-417\"\/><\/figure>\n\n\n\n<figure class=\"wp-block-table\"><table><tbody><tr><td><a href=\"https:\/\/puringlobal.com\/tr\/isocyanate-nco-terminated-polyurethane-systems\/\">\u0130zosiyanat (NCO) u\u00e7lu Poliu\u0308retan Sistemler<\/a><\/td><\/tr><tr><td><a href=\"https:\/\/puringlobal.com\/tr\/silane-terminated-polyurethane-systems\/\">Silan u\u00e7lu Poliu\u0308retan Sistemler<\/a><\/td><\/tr><tr><td><a href=\"https:\/\/puringlobal.com\/tr\/hydroxyl-terminated-polyurethane-systems\/\">Hidroksil u\u00e7lu Poliu\u0308retan Sistemler<\/a><\/td><\/tr><tr><td><a href=\"https:\/\/puringlobal.com\/tr\/blocked-polyurethane-systems\/\">Bloklu Poliu\u0308retan Sistemler<\/a><\/td><\/tr><\/tbody><\/table><\/figure>","protected":false},"excerpt":{"rendered":"<p>Polyurethane Resins (Waterproofing Materials) For any environment that affects human life, we work with you and for you to prepare a bright future for generations to come by offering innovative, environmentally friendly, and safe products manufactured with utmost attention and care by Purin working relentlessly. The more important water is for our life, the more [&hellip;]<\/p>","protected":false},"author":1,"featured_media":0,"parent":0,"menu_order":0,"comment_status":"closed","ping_status":"closed","template":"wp-custom-template-waterproof-membranes","meta":{"_editorskit_title_hidden":false,"_editorskit_reading_time":0,"_editorskit_is_block_options_detached":false,"_editorskit_block_options_position":"{}","passster_activate_protection":false,"passster_protect_child_pages":"","passster_protection_type":"password","passster_password":"","passster_activate_overwrite_defaults":"","passster_headline":"","passster_instruction":"","passster_placeholder":"","passster_button":"","passster_id":"","passster_activate_misc_settings":"","passster_redirect_url":"","passster_hide":"no","passster_area_shortcode":"","footnotes":""},"class_list":["post-219","page","type-page","status-publish","hentry"],"yoast_head":"<!-- This site is optimized with the Yoast SEO plugin v23.4 - https:\/\/yoast.com\/wordpress\/plugins\/seo\/ -->\n<title>Waterproof Membranes - PURIN<\/title>\n<meta name=\"description\" content=\"For any environment that affects human life, we work with you and for you to prepare a bright future for generations to come\" \/>\n<meta name=\"robots\" content=\"index, follow, max-snippet:-1, max-image-preview:large, max-video-preview:-1\" \/>\n<link rel=\"canonical\" href=\"https:\/\/puringlobal.com\/tr\/waterproof-membranes\/\" \/>\n<meta property=\"og:locale\" content=\"tr_TR\" \/>\n<meta property=\"og:type\" content=\"article\" \/>\n<meta property=\"og:title\" content=\"Waterproof Membranes - PURIN\" \/>\n<meta property=\"og:description\" content=\"For any environment that affects human life, we work with you and for you to prepare a bright future for generations to come\" \/>\n<meta property=\"og:url\" content=\"https:\/\/puringlobal.com\/tr\/waterproof-membranes\/\" \/>\n<meta property=\"og:site_name\" content=\"PURIN\" \/>\n<meta property=\"article:modified_time\" content=\"2024-01-16T08:20:25+00:00\" \/>\n<meta property=\"og:image\" content=\"https:\/\/puringlobal.com\/wp-content\/uploads\/2024\/01\/highate-1024x163.webp\" \/>\n<meta name=\"twitter:card\" content=\"summary_large_image\" \/>\n<meta name=\"twitter:label1\" content=\"Tahmini okuma s\u00fcresi\" \/>\n\t<meta name=\"twitter:data1\" content=\"3 dakika\" \/>\n<script type=\"application\/ld+json\" class=\"yoast-schema-graph\">{\"@context\":\"https:\/\/schema.org\",\"@graph\":[{\"@type\":\"WebPage\",\"@id\":\"https:\/\/puringlobal.com\/waterproof-membranes\/\",\"url\":\"https:\/\/puringlobal.com\/waterproof-membranes\/\",\"name\":\"Waterproof Membranes - PURIN\",\"isPartOf\":{\"@id\":\"https:\/\/puringlobal.com\/#website\"},\"primaryImageOfPage\":{\"@id\":\"https:\/\/puringlobal.com\/waterproof-membranes\/#primaryimage\"},\"image\":{\"@id\":\"https:\/\/puringlobal.com\/waterproof-membranes\/#primaryimage\"},\"thumbnailUrl\":\"https:\/\/puringlobal.com\/wp-content\/uploads\/2024\/01\/highate-1024x163.webp\",\"datePublished\":\"2024-01-09T06:50:34+00:00\",\"dateModified\":\"2024-01-16T08:20:25+00:00\",\"description\":\"For any environment that affects human life, we work with you and for you to prepare a bright future for generations to come\",\"breadcrumb\":{\"@id\":\"https:\/\/puringlobal.com\/waterproof-membranes\/#breadcrumb\"},\"inLanguage\":\"tr\",\"potentialAction\":[{\"@type\":\"ReadAction\",\"target\":[\"https:\/\/puringlobal.com\/waterproof-membranes\/\"]}]},{\"@type\":\"ImageObject\",\"inLanguage\":\"tr\",\"@id\":\"https:\/\/puringlobal.com\/waterproof-membranes\/#primaryimage\",\"url\":\"https:\/\/puringlobal.com\/wp-content\/uploads\/2024\/01\/highate-1024x163.webp\",\"contentUrl\":\"https:\/\/puringlobal.com\/wp-content\/uploads\/2024\/01\/highate-1024x163.webp\"},{\"@type\":\"BreadcrumbList\",\"@id\":\"https:\/\/puringlobal.com\/waterproof-membranes\/#breadcrumb\",\"itemListElement\":[{\"@type\":\"ListItem\",\"position\":1,\"name\":\"Home\",\"item\":\"https:\/\/puringlobal.com\/\"},{\"@type\":\"ListItem\",\"position\":2,\"name\":\"Waterproof Membranes\"}]},{\"@type\":\"WebSite\",\"@id\":\"https:\/\/puringlobal.com\/#website\",\"url\":\"https:\/\/puringlobal.com\/\",\"name\":\"PURIN\",\"description\":\"\",\"publisher\":{\"@id\":\"https:\/\/puringlobal.com\/#organization\"},\"potentialAction\":[{\"@type\":\"SearchAction\",\"target\":{\"@type\":\"EntryPoint\",\"urlTemplate\":\"https:\/\/puringlobal.com\/?s={search_term_string}\"},\"query-input\":{\"@type\":\"PropertyValueSpecification\",\"valueRequired\":true,\"valueName\":\"search_term_string\"}}],\"inLanguage\":\"tr\"},{\"@type\":\"Organization\",\"@id\":\"https:\/\/puringlobal.com\/#organization\",\"name\":\"PURIN\",\"url\":\"https:\/\/puringlobal.com\/\",\"logo\":{\"@type\":\"ImageObject\",\"inLanguage\":\"tr\",\"@id\":\"https:\/\/puringlobal.com\/#\/schema\/logo\/image\/\",\"url\":\"https:\/\/puringlobal.com\/wp-content\/uploads\/2024\/01\/purin.png\",\"contentUrl\":\"https:\/\/puringlobal.com\/wp-content\/uploads\/2024\/01\/purin.png\",\"width\":3207,\"height\":784,\"caption\":\"PURIN\"},\"image\":{\"@id\":\"https:\/\/puringlobal.com\/#\/schema\/logo\/image\/\"}}]}<\/script>\n<!-- \/ Yoast SEO plugin. -->","yoast_head_json":{"title":"Waterproof Membranes - PURIN","description":"For any environment that affects human life, we work with you and for you to prepare a bright future for generations to come","robots":{"index":"index","follow":"follow","max-snippet":"max-snippet:-1","max-image-preview":"max-image-preview:large","max-video-preview":"max-video-preview:-1"},"canonical":"https:\/\/puringlobal.com\/tr\/waterproof-membranes\/","og_locale":"tr_TR","og_type":"article","og_title":"Waterproof Membranes - PURIN","og_description":"For any environment that affects human life, we work with you and for you to prepare a bright future for generations to come","og_url":"https:\/\/puringlobal.com\/tr\/waterproof-membranes\/","og_site_name":"PURIN","article_modified_time":"2024-01-16T08:20:25+00:00","og_image":[{"url":"https:\/\/puringlobal.com\/wp-content\/uploads\/2024\/01\/highate-1024x163.webp"}],"twitter_card":"summary_large_image","twitter_misc":{"Tahmini okuma s\u00fcresi":"3 dakika"},"schema":{"@context":"https:\/\/schema.org","@graph":[{"@type":"WebPage","@id":"https:\/\/puringlobal.com\/waterproof-membranes\/","url":"https:\/\/puringlobal.com\/waterproof-membranes\/","name":"Waterproof Membranes - PURIN","isPartOf":{"@id":"https:\/\/puringlobal.com\/#website"},"primaryImageOfPage":{"@id":"https:\/\/puringlobal.com\/waterproof-membranes\/#primaryimage"},"image":{"@id":"https:\/\/puringlobal.com\/waterproof-membranes\/#primaryimage"},"thumbnailUrl":"https:\/\/puringlobal.com\/wp-content\/uploads\/2024\/01\/highate-1024x163.webp","datePublished":"2024-01-09T06:50:34+00:00","dateModified":"2024-01-16T08:20:25+00:00","description":"For any environment that affects human life, we work with you and for you to prepare a bright future for generations to come","breadcrumb":{"@id":"https:\/\/puringlobal.com\/waterproof-membranes\/#breadcrumb"},"inLanguage":"tr","potentialAction":[{"@type":"ReadAction","target":["https:\/\/puringlobal.com\/waterproof-membranes\/"]}]},{"@type":"ImageObject","inLanguage":"tr","@id":"https:\/\/puringlobal.com\/waterproof-membranes\/#primaryimage","url":"https:\/\/puringlobal.com\/wp-content\/uploads\/2024\/01\/highate-1024x163.webp","contentUrl":"https:\/\/puringlobal.com\/wp-content\/uploads\/2024\/01\/highate-1024x163.webp"},{"@type":"BreadcrumbList","@id":"https:\/\/puringlobal.com\/waterproof-membranes\/#breadcrumb","itemListElement":[{"@type":"ListItem","position":1,"name":"Home","item":"https:\/\/puringlobal.com\/"},{"@type":"ListItem","position":2,"name":"Waterproof Membranes"}]},{"@type":"WebSite","@id":"https:\/\/puringlobal.com\/#website","url":"https:\/\/puringlobal.com\/","name":"PURIN","description":"","publisher":{"@id":"https:\/\/puringlobal.com\/#organization"},"potentialAction":[{"@type":"SearchAction","target":{"@type":"EntryPoint","urlTemplate":"https:\/\/puringlobal.com\/?s={search_term_string}"},"query-input":{"@type":"PropertyValueSpecification","valueRequired":true,"valueName":"search_term_string"}}],"inLanguage":"tr"},{"@type":"Organization","@id":"https:\/\/puringlobal.com\/#organization","name":"PURIN","url":"https:\/\/puringlobal.com\/","logo":{"@type":"ImageObject","inLanguage":"tr","@id":"https:\/\/puringlobal.com\/#\/schema\/logo\/image\/","url":"https:\/\/puringlobal.com\/wp-content\/uploads\/2024\/01\/purin.png","contentUrl":"https:\/\/puringlobal.com\/wp-content\/uploads\/2024\/01\/purin.png","width":3207,"height":784,"caption":"PURIN"},"image":{"@id":"https:\/\/puringlobal.com\/#\/schema\/logo\/image\/"}}]}},"_links":{"self":[{"href":"https:\/\/puringlobal.com\/tr\/wp-json\/wp\/v2\/pages\/219","targetHints":{"allow":["GET"]}}],"collection":[{"href":"https:\/\/puringlobal.com\/tr\/wp-json\/wp\/v2\/pages"}],"about":[{"href":"https:\/\/puringlobal.com\/tr\/wp-json\/wp\/v2\/types\/page"}],"author":[{"embeddable":true,"href":"https:\/\/puringlobal.com\/tr\/wp-json\/wp\/v2\/users\/1"}],"replies":[{"embeddable":true,"href":"https:\/\/puringlobal.com\/tr\/wp-json\/wp\/v2\/comments?post=219"}],"version-history":[{"count":0,"href":"https:\/\/puringlobal.com\/tr\/wp-json\/wp\/v2\/pages\/219\/revisions"}],"wp:attachment":[{"href":"https:\/\/puringlobal.com\/tr\/wp-json\/wp\/v2\/media?parent=219"}],"curies":[{"name":"wp","href":"https:\/\/api.w.org\/{rel}","templated":true}]}}