{"id":221,"date":"2024-01-09T06:50:57","date_gmt":"2024-01-09T06:50:57","guid":{"rendered":"https:\/\/puringlobal.com\/?page_id=221"},"modified":"2024-01-22T11:10:17","modified_gmt":"2024-01-22T11:10:17","slug":"textile-leather","status":"publish","type":"page","link":"https:\/\/puringlobal.com\/tr\/textile-leather\/","title":{"rendered":"Tekstil \/ Deri"},"content":{"rendered":"<h1 class=\"wp-block-heading\">Tekstil \/ Deri<\/h1>\n\n\n\n<p>The performance and design diversity of the products, with the coatings and laminations to be made on textiles, ensure that the products carry high value.<\/p>\n\n\n\n<p>We can say that polyurethane coating or polyurethane adhesive is used in many products in the textile and leather sectors. In many areas such as artificial leather, real leather, swimwear, raincoat, home textile, underwear, sportswear, shoes, there are polyurethane materials at the points that come into direct contact with our skin.<\/p>\n\n\n\n<h5 class=\"wp-block-heading\"><strong>The sector is in a constant pursuit, improvement and sustainability target. The three most important issues are;<\/strong><\/h5>\n\n\n\n<p><strong>1.<\/strong>&nbsp;Selection of chemicals that are safe for health,<\/p>\n\n\n\n<p><strong>2.<\/strong>&nbsp;High performance products<\/p>\n\n\n\n<p><strong>3.<\/strong>&nbsp;Endless kinds of designs<\/p>\n\n\n\n<figure class=\"wp-block-image\"><img decoding=\"async\" src=\"https:\/\/purin.com.tr\/images\/topmarket\/textile-wall.jpg\" alt=\"Textile \/ Leather\" title=\"\"\/><\/figure>\n\n\n\n<p>There is hardly any area where chemical materials are not used. For this reason, the selection of chemicals to be used has become very important. Water-based polyurethanes are the product group that we think provide performance, support for design diversity and reliable chemicals that can meet the needs of the sector.<\/p>\n\n\n\n<p>We provide water-based polyurethanes that we produce with PUD technology with different designs for all kinds of applications and methods. In addition to textile and leather covering materials, we provide lamination glues for different materials such as textile, sponge and leather. Some applications are as follows;<\/p>\n\n\n\n<p>\u2022 Artificial leather and real leather finishing systems<br>\u2022 Artificial leather production<br>\u2022 Sportswear coatings<br>\u2022 Raincoat, tarpaulin etc coatings<br>\u2022 Shoe inner sole lamination<br>\u2022 Women\u2019s underwear sponge-textile laminations<br>\u2022 Home textile laminations<\/p>\n\n\n\n<p>You can contact us for our high-performance water-based polyurethanes that are sensitive to people and the environment.<\/p>\n\n\n\n<h2 class=\"wp-block-heading\">\u00dcr\u00fcnler<\/h2>\n\n\n\n<p><img loading=\"lazy\" decoding=\"async\" width=\"1000\" height=\"437\" alt=\"\" src=\"https:\/\/puringlobal.com\/wp-content\/uploads\/2024\/01\/1278.webp\" srcset=\"https:\/\/puringlobal.com\/wp-content\/uploads\/2024\/01\/1278.webp 1000w, https:\/\/puringlobal.com\/wp-content\/uploads\/2024\/01\/1278-300x131.webp 300w, https:\/\/puringlobal.com\/wp-content\/uploads\/2024\/01\/1278-768x336.webp 768w\"><\/p>\n\n\n\n<h4 class=\"wp-block-heading\"><a href=\"https:\/\/purin.com.tr\/blocked-polyurethane.html\"><\/a><a href=\"https:\/\/puringlobal.com\/tr\/isocyanate-nco-terminated-polyurethane-systems\/\"><\/a><a href=\"https:\/\/puringlobal.com\/tr\/textile-coatings\/\">Tekstil Kaplamalar\u0131<\/a><\/h4>\n\n\n\n<p>Tekstil kaplamalar bir malzemeye \u00f6zelliklerini de\u011fi\u015ftirmek, geli\u015ftirmek veya iyile\u015ftirmek i\u00e7in uygulan\u0131r.<\/p>\n\n\n\n<p><img loading=\"lazy\" decoding=\"async\" width=\"1000\" height=\"437\" alt=\"\" src=\"https:\/\/puringlobal.com\/wp-content\/uploads\/2024\/01\/1278.webp\" srcset=\"https:\/\/puringlobal.com\/wp-content\/uploads\/2024\/01\/1278.webp 1000w, https:\/\/puringlobal.com\/wp-content\/uploads\/2024\/01\/1278-300x131.webp 300w, https:\/\/puringlobal.com\/wp-content\/uploads\/2024\/01\/1278-768x336.webp 768w\"><\/p>\n\n\n\n<h4 class=\"wp-block-heading\"><a href=\"https:\/\/puringlobal.com\/tr\/textile-lamination\/\">Technical Laminations<\/a><\/h4>\n\n\n\n<p>Water-based and Solvent-based textile lamination product groups<\/p>\n\n\n\n<figure class=\"wp-block-table\"><table><tbody><tr><td><a href=\"https:\/\/puringlobal.com\/tr\/waterproofing-membranes\/\">Su \u0130zolasyon Membranlar\u0131<\/a><\/td><\/tr><tr><td><a href=\"https:\/\/puringlobal.com\/tr\/textile-coatings\/\">Tekstil Kaplamalar\u0131<\/a><\/td><\/tr><\/tbody><\/table><\/figure>","protected":false},"excerpt":{"rendered":"<p>Textile \/ Leather The performance and design diversity of the products, with the coatings and laminations to be made on textiles, ensure that the products carry high value. We can say that polyurethane coating or polyurethane adhesive is used in many products in the textile and leather sectors. In many areas such as artificial leather, [&hellip;]<\/p>","protected":false},"author":1,"featured_media":0,"parent":0,"menu_order":0,"comment_status":"closed","ping_status":"closed","template":"wp-custom-template-coatings","meta":{"_editorskit_title_hidden":false,"_editorskit_reading_time":0,"_editorskit_is_block_options_detached":false,"_editorskit_block_options_position":"{}","passster_activate_protection":false,"passster_protect_child_pages":"","passster_protection_type":"password","passster_password":"","passster_activate_overwrite_defaults":"","passster_headline":"","passster_instruction":"","passster_placeholder":"","passster_button":"","passster_id":"","passster_activate_misc_settings":"","passster_redirect_url":"","passster_hide":"no","passster_area_shortcode":"","footnotes":""},"class_list":["post-221","page","type-page","status-publish","hentry"],"yoast_head":"<!-- This site is optimized with the Yoast SEO plugin v23.4 - https:\/\/yoast.com\/wordpress\/plugins\/seo\/ -->\n<title>Textile \/ Leather - PURIN<\/title>\n<meta name=\"description\" content=\"The performance and design diversity of the products, with the coatings and laminations to be made on textiles, ensure that the products carry high value.\" \/>\n<meta name=\"robots\" content=\"index, follow, max-snippet:-1, max-image-preview:large, max-video-preview:-1\" \/>\n<link rel=\"canonical\" href=\"https:\/\/puringlobal.com\/tr\/textile-leather\/\" \/>\n<meta property=\"og:locale\" content=\"tr_TR\" \/>\n<meta property=\"og:type\" content=\"article\" \/>\n<meta property=\"og:title\" content=\"Textile \/ Leather - PURIN\" \/>\n<meta property=\"og:description\" content=\"The performance and design diversity of the products, with the coatings and laminations to be made on textiles, ensure that the products carry high value.\" \/>\n<meta property=\"og:url\" content=\"https:\/\/puringlobal.com\/tr\/textile-leather\/\" \/>\n<meta property=\"og:site_name\" content=\"PURIN\" \/>\n<meta property=\"article:modified_time\" content=\"2024-01-22T11:10:17+00:00\" \/>\n<meta property=\"og:image\" content=\"https:\/\/purin.com.tr\/images\/topmarket\/textile-wall.jpg\" \/>\n<meta name=\"twitter:card\" content=\"summary_large_image\" \/>\n<meta name=\"twitter:label1\" content=\"Tahmini okuma s\u00fcresi\" \/>\n\t<meta name=\"twitter:data1\" content=\"2 dakika\" \/>\n<script type=\"application\/ld+json\" class=\"yoast-schema-graph\">{\"@context\":\"https:\/\/schema.org\",\"@graph\":[{\"@type\":\"WebPage\",\"@id\":\"https:\/\/puringlobal.com\/textile-leather\/\",\"url\":\"https:\/\/puringlobal.com\/textile-leather\/\",\"name\":\"Textile \/ Leather - PURIN\",\"isPartOf\":{\"@id\":\"https:\/\/puringlobal.com\/#website\"},\"primaryImageOfPage\":{\"@id\":\"https:\/\/puringlobal.com\/textile-leather\/#primaryimage\"},\"image\":{\"@id\":\"https:\/\/puringlobal.com\/textile-leather\/#primaryimage\"},\"thumbnailUrl\":\"https:\/\/purin.com.tr\/images\/topmarket\/textile-wall.jpg\",\"datePublished\":\"2024-01-09T06:50:57+00:00\",\"dateModified\":\"2024-01-22T11:10:17+00:00\",\"description\":\"The performance and design diversity of the products, with the coatings and laminations to be made on textiles, ensure that the products carry high value.\",\"breadcrumb\":{\"@id\":\"https:\/\/puringlobal.com\/textile-leather\/#breadcrumb\"},\"inLanguage\":\"tr\",\"potentialAction\":[{\"@type\":\"ReadAction\",\"target\":[\"https:\/\/puringlobal.com\/textile-leather\/\"]}]},{\"@type\":\"ImageObject\",\"inLanguage\":\"tr\",\"@id\":\"https:\/\/puringlobal.com\/textile-leather\/#primaryimage\",\"url\":\"https:\/\/purin.com.tr\/images\/topmarket\/textile-wall.jpg\",\"contentUrl\":\"https:\/\/purin.com.tr\/images\/topmarket\/textile-wall.jpg\"},{\"@type\":\"BreadcrumbList\",\"@id\":\"https:\/\/puringlobal.com\/textile-leather\/#breadcrumb\",\"itemListElement\":[{\"@type\":\"ListItem\",\"position\":1,\"name\":\"Home\",\"item\":\"https:\/\/puringlobal.com\/\"},{\"@type\":\"ListItem\",\"position\":2,\"name\":\"Textile \/ Leather\"}]},{\"@type\":\"WebSite\",\"@id\":\"https:\/\/puringlobal.com\/#website\",\"url\":\"https:\/\/puringlobal.com\/\",\"name\":\"PURIN\",\"description\":\"\",\"publisher\":{\"@id\":\"https:\/\/puringlobal.com\/#organization\"},\"potentialAction\":[{\"@type\":\"SearchAction\",\"target\":{\"@type\":\"EntryPoint\",\"urlTemplate\":\"https:\/\/puringlobal.com\/?s={search_term_string}\"},\"query-input\":{\"@type\":\"PropertyValueSpecification\",\"valueRequired\":true,\"valueName\":\"search_term_string\"}}],\"inLanguage\":\"tr\"},{\"@type\":\"Organization\",\"@id\":\"https:\/\/puringlobal.com\/#organization\",\"name\":\"PURIN\",\"url\":\"https:\/\/puringlobal.com\/\",\"logo\":{\"@type\":\"ImageObject\",\"inLanguage\":\"tr\",\"@id\":\"https:\/\/puringlobal.com\/#\/schema\/logo\/image\/\",\"url\":\"https:\/\/puringlobal.com\/wp-content\/uploads\/2024\/01\/purin.png\",\"contentUrl\":\"https:\/\/puringlobal.com\/wp-content\/uploads\/2024\/01\/purin.png\",\"width\":3207,\"height\":784,\"caption\":\"PURIN\"},\"image\":{\"@id\":\"https:\/\/puringlobal.com\/#\/schema\/logo\/image\/\"}}]}<\/script>\n<!-- \/ Yoast SEO plugin. -->","yoast_head_json":{"title":"Textile \/ Leather - PURIN","description":"The performance and design diversity of the products, with the coatings and laminations to be made on textiles, ensure that the products carry high value.","robots":{"index":"index","follow":"follow","max-snippet":"max-snippet:-1","max-image-preview":"max-image-preview:large","max-video-preview":"max-video-preview:-1"},"canonical":"https:\/\/puringlobal.com\/tr\/textile-leather\/","og_locale":"tr_TR","og_type":"article","og_title":"Textile \/ Leather - PURIN","og_description":"The performance and design diversity of the products, with the coatings and laminations to be made on textiles, ensure that the products carry high value.","og_url":"https:\/\/puringlobal.com\/tr\/textile-leather\/","og_site_name":"PURIN","article_modified_time":"2024-01-22T11:10:17+00:00","og_image":[{"url":"https:\/\/purin.com.tr\/images\/topmarket\/textile-wall.jpg"}],"twitter_card":"summary_large_image","twitter_misc":{"Tahmini okuma s\u00fcresi":"2 dakika"},"schema":{"@context":"https:\/\/schema.org","@graph":[{"@type":"WebPage","@id":"https:\/\/puringlobal.com\/textile-leather\/","url":"https:\/\/puringlobal.com\/textile-leather\/","name":"Textile \/ Leather - PURIN","isPartOf":{"@id":"https:\/\/puringlobal.com\/#website"},"primaryImageOfPage":{"@id":"https:\/\/puringlobal.com\/textile-leather\/#primaryimage"},"image":{"@id":"https:\/\/puringlobal.com\/textile-leather\/#primaryimage"},"thumbnailUrl":"https:\/\/purin.com.tr\/images\/topmarket\/textile-wall.jpg","datePublished":"2024-01-09T06:50:57+00:00","dateModified":"2024-01-22T11:10:17+00:00","description":"The performance and design diversity of the products, with the coatings and laminations to be made on textiles, ensure that the products carry high value.","breadcrumb":{"@id":"https:\/\/puringlobal.com\/textile-leather\/#breadcrumb"},"inLanguage":"tr","potentialAction":[{"@type":"ReadAction","target":["https:\/\/puringlobal.com\/textile-leather\/"]}]},{"@type":"ImageObject","inLanguage":"tr","@id":"https:\/\/puringlobal.com\/textile-leather\/#primaryimage","url":"https:\/\/purin.com.tr\/images\/topmarket\/textile-wall.jpg","contentUrl":"https:\/\/purin.com.tr\/images\/topmarket\/textile-wall.jpg"},{"@type":"BreadcrumbList","@id":"https:\/\/puringlobal.com\/textile-leather\/#breadcrumb","itemListElement":[{"@type":"ListItem","position":1,"name":"Home","item":"https:\/\/puringlobal.com\/"},{"@type":"ListItem","position":2,"name":"Textile \/ Leather"}]},{"@type":"WebSite","@id":"https:\/\/puringlobal.com\/#website","url":"https:\/\/puringlobal.com\/","name":"PURIN","description":"","publisher":{"@id":"https:\/\/puringlobal.com\/#organization"},"potentialAction":[{"@type":"SearchAction","target":{"@type":"EntryPoint","urlTemplate":"https:\/\/puringlobal.com\/?s={search_term_string}"},"query-input":{"@type":"PropertyValueSpecification","valueRequired":true,"valueName":"search_term_string"}}],"inLanguage":"tr"},{"@type":"Organization","@id":"https:\/\/puringlobal.com\/#organization","name":"PURIN","url":"https:\/\/puringlobal.com\/","logo":{"@type":"ImageObject","inLanguage":"tr","@id":"https:\/\/puringlobal.com\/#\/schema\/logo\/image\/","url":"https:\/\/puringlobal.com\/wp-content\/uploads\/2024\/01\/purin.png","contentUrl":"https:\/\/puringlobal.com\/wp-content\/uploads\/2024\/01\/purin.png","width":3207,"height":784,"caption":"PURIN"},"image":{"@id":"https:\/\/puringlobal.com\/#\/schema\/logo\/image\/"}}]}},"_links":{"self":[{"href":"https:\/\/puringlobal.com\/tr\/wp-json\/wp\/v2\/pages\/221","targetHints":{"allow":["GET"]}}],"collection":[{"href":"https:\/\/puringlobal.com\/tr\/wp-json\/wp\/v2\/pages"}],"about":[{"href":"https:\/\/puringlobal.com\/tr\/wp-json\/wp\/v2\/types\/page"}],"author":[{"embeddable":true,"href":"https:\/\/puringlobal.com\/tr\/wp-json\/wp\/v2\/users\/1"}],"replies":[{"embeddable":true,"href":"https:\/\/puringlobal.com\/tr\/wp-json\/wp\/v2\/comments?post=221"}],"version-history":[{"count":0,"href":"https:\/\/puringlobal.com\/tr\/wp-json\/wp\/v2\/pages\/221\/revisions"}],"wp:attachment":[{"href":"https:\/\/puringlobal.com\/tr\/wp-json\/wp\/v2\/media?parent=221"}],"curies":[{"name":"wp","href":"https:\/\/api.w.org\/{rel}","templated":true}]}}