{"id":327,"date":"2024-01-10T06:28:57","date_gmt":"2024-01-10T06:28:57","guid":{"rendered":"https:\/\/puringlobal.com\/?page_id=327"},"modified":"2024-01-16T07:18:03","modified_gmt":"2024-01-16T07:18:03","slug":"hydroxyl-terminated-polyurethane-systems","status":"publish","type":"page","link":"https:\/\/puringlobal.com\/tr\/hydroxyl-terminated-polyurethane-systems\/","title":{"rendered":"Hidroksil u\u00e7lu Poliu\u0308retan Sistemler"},"content":{"rendered":"<h1 class=\"wp-block-heading\">Hidroksil u\u00e7lu Poliu\u0308retan Sistemler<\/h1>\n\n\n\n<p>Hidroksil u\u00e7lu poliu\u0308retan sistemler yap\u0131sal olarak izosiyanat i\u00e7ermeyen ve u\u00e7 k\u0131s\u0131mlar\u0131nda hidroksil u\u00e7lu yap\u0131lard\u0131r. Bu sistemler \u00e7o\u011funlukla laminasyon i\u015flemlerinde kullan\u0131lmaktad\u0131r.<\/p>\n\n\n\n<p>Bu u\u0308ru\u0308nler ihtiya\u00e7 duyulan \u00f6zelliklerine g\u00f6re farkl\u0131 tasar\u0131mlar\u0131 yap\u0131labilmektedir.<\/p>\n\n\n\n<p>\u2013 Different reactivity (rate of reaction)<br>\u2013 Polymer structures that will provide different chemical and physical resistance<br>\u2013 Two or more functionalities (number of reactive tips)<br>\u2013 Solvent-based, water-based or solvent-free designs<br>\u2013 At desired viscosity values<br>\u2013 Suitable for different hydroxyl numbers (provides different mixing ratios)<\/p>\n\n\n\n<p>Elde edilen hidroksil u\u00e7lu u\u0308ru\u0308nler iki veya daha fazla bile\u015fenle formu\u0308le edilebilir. Hidroksil u\u00e7lu poliu\u0308retan re\u00e7inelerin sertle\u015ftirici bile\u015fenleri solvent i\u00e7eri\u011fine g\u00f6re uygun poliizosiyant re\u00e7ineler (izosiyanat u\u00e7lu re\u00e7ineler) olabilir.<\/p>\n\n\n\n<figure class=\"wp-block-image\"><img decoding=\"async\" src=\"https:\/\/purin.com.tr\/images\/purinate\/hidro2.jpg\" alt=\"Hydroxyl Terminated Polyurethane Systems\" title=\"\"\/><\/figure>\n\n\n\n<figure class=\"wp-block-table\"><table><tbody><tr><td><a href=\"https:\/\/puringlobal.com\/tr\/isocyanate-nco-terminated-polyurethane-systems\/\">\u0130zosiyanat (NCO) u\u00e7lu Poliu\u0308retan Sistemler<\/a><\/td><\/tr><tr><td><a href=\"https:\/\/puringlobal.com\/tr\/silane-terminated-polyurethane-systems\/\">Silan u\u00e7lu Poliu\u0308retan Sistemler<\/a><\/td><\/tr><tr><td><a href=\"https:\/\/puringlobal.com\/tr\/hydroxyl-terminated-polyurethane-systems\/\">Hidroksil u\u00e7lu Poliu\u0308retan Sistemler<\/a><\/td><\/tr><tr><td><a href=\"https:\/\/puringlobal.com\/tr\/blocked-polyurethane-systems\/\">Bloklu Poliu\u0308retan Sistemler<\/a><\/td><\/tr><\/tbody><\/table><\/figure>\n\n\n\n<p>Hydroxyl-terminated polyurethane systems stand out as isocyanate-free solutions, featuring hydroxyl-terminated structures at their ends. Widely utilized in lamination processes, these systems offer a diverse range of designs tailored to meet specific requirements. In this article, we explore the structural components, features, and applications of hydroxyl-terminated polyurethane resins.<\/p>","protected":false},"excerpt":{"rendered":"<p>Hydroxyl Terminated Polyurethane Systems Hydroxyl-terminated polyurethane systems are structurally isocyanate-free and hydroxyl-terminated structures at the ends. These systems are mostly used in lamination processes. These products can be made in different designs according to the required features. \u2013 Different reactivity (rate of reaction)\u2013 Polymer structures that will provide different chemical and physical resistance\u2013 Two or [&hellip;]<\/p>","protected":false},"author":1,"featured_media":0,"parent":0,"menu_order":0,"comment_status":"closed","ping_status":"closed","template":"wp-custom-template-purinate-hydroxyl-terminated-polyurethane-systems","meta":{"_editorskit_title_hidden":false,"_editorskit_reading_time":0,"_editorskit_is_block_options_detached":false,"_editorskit_block_options_position":"{}","passster_activate_protection":false,"passster_protect_child_pages":"","passster_protection_type":"password","passster_password":"","passster_activate_overwrite_defaults":"","passster_headline":"","passster_instruction":"","passster_placeholder":"","passster_button":"","passster_id":"","passster_activate_misc_settings":"","passster_redirect_url":"","passster_hide":"no","passster_area_shortcode":"","footnotes":""},"class_list":["post-327","page","type-page","status-publish","hentry"],"yoast_head":"<!-- This site is optimized with the Yoast SEO plugin v23.4 - https:\/\/yoast.com\/wordpress\/plugins\/seo\/ -->\n<title>Hydroxyl Terminated Polyurethane Systems - PURIN<\/title>\n<meta name=\"description\" content=\"Hydroxyl-terminated polyurethane systems are structurally isocyanate-free and hydroxyl-terminated structures at the ends.\" \/>\n<meta name=\"robots\" content=\"index, follow, max-snippet:-1, max-image-preview:large, max-video-preview:-1\" \/>\n<link rel=\"canonical\" href=\"https:\/\/puringlobal.com\/tr\/hydroxyl-terminated-polyurethane-systems\/\" \/>\n<meta property=\"og:locale\" content=\"tr_TR\" \/>\n<meta property=\"og:type\" content=\"article\" \/>\n<meta property=\"og:title\" content=\"Hydroxyl Terminated Polyurethane Systems - PURIN\" \/>\n<meta property=\"og:description\" content=\"Hydroxyl-terminated polyurethane systems are structurally isocyanate-free and hydroxyl-terminated structures at the ends.\" \/>\n<meta property=\"og:url\" content=\"https:\/\/puringlobal.com\/tr\/hydroxyl-terminated-polyurethane-systems\/\" \/>\n<meta property=\"og:site_name\" content=\"PURIN\" \/>\n<meta property=\"article:modified_time\" content=\"2024-01-16T07:18:03+00:00\" \/>\n<meta property=\"og:image\" content=\"https:\/\/purin.com.tr\/images\/purinate\/hidro2.jpg\" \/>\n<meta name=\"twitter:card\" content=\"summary_large_image\" \/>\n<meta name=\"twitter:label1\" content=\"Tahmini okuma s\u00fcresi\" \/>\n\t<meta name=\"twitter:data1\" content=\"1 dakika\" \/>\n<script type=\"application\/ld+json\" class=\"yoast-schema-graph\">{\"@context\":\"https:\/\/schema.org\",\"@graph\":[{\"@type\":\"WebPage\",\"@id\":\"https:\/\/puringlobal.com\/hydroxyl-terminated-polyurethane-systems\/\",\"url\":\"https:\/\/puringlobal.com\/hydroxyl-terminated-polyurethane-systems\/\",\"name\":\"Hydroxyl Terminated Polyurethane Systems - PURIN\",\"isPartOf\":{\"@id\":\"https:\/\/puringlobal.com\/#website\"},\"primaryImageOfPage\":{\"@id\":\"https:\/\/puringlobal.com\/hydroxyl-terminated-polyurethane-systems\/#primaryimage\"},\"image\":{\"@id\":\"https:\/\/puringlobal.com\/hydroxyl-terminated-polyurethane-systems\/#primaryimage\"},\"thumbnailUrl\":\"https:\/\/purin.com.tr\/images\/purinate\/hidro2.jpg\",\"datePublished\":\"2024-01-10T06:28:57+00:00\",\"dateModified\":\"2024-01-16T07:18:03+00:00\",\"description\":\"Hydroxyl-terminated polyurethane systems are structurally isocyanate-free and hydroxyl-terminated structures at the ends.\",\"breadcrumb\":{\"@id\":\"https:\/\/puringlobal.com\/hydroxyl-terminated-polyurethane-systems\/#breadcrumb\"},\"inLanguage\":\"tr\",\"potentialAction\":[{\"@type\":\"ReadAction\",\"target\":[\"https:\/\/puringlobal.com\/hydroxyl-terminated-polyurethane-systems\/\"]}]},{\"@type\":\"ImageObject\",\"inLanguage\":\"tr\",\"@id\":\"https:\/\/puringlobal.com\/hydroxyl-terminated-polyurethane-systems\/#primaryimage\",\"url\":\"https:\/\/purin.com.tr\/images\/purinate\/hidro2.jpg\",\"contentUrl\":\"https:\/\/purin.com.tr\/images\/purinate\/hidro2.jpg\"},{\"@type\":\"BreadcrumbList\",\"@id\":\"https:\/\/puringlobal.com\/hydroxyl-terminated-polyurethane-systems\/#breadcrumb\",\"itemListElement\":[{\"@type\":\"ListItem\",\"position\":1,\"name\":\"Home\",\"item\":\"https:\/\/puringlobal.com\/\"},{\"@type\":\"ListItem\",\"position\":2,\"name\":\"Hydroxyl Terminated Polyurethane Systems\"}]},{\"@type\":\"WebSite\",\"@id\":\"https:\/\/puringlobal.com\/#website\",\"url\":\"https:\/\/puringlobal.com\/\",\"name\":\"PURIN\",\"description\":\"\",\"publisher\":{\"@id\":\"https:\/\/puringlobal.com\/#organization\"},\"potentialAction\":[{\"@type\":\"SearchAction\",\"target\":{\"@type\":\"EntryPoint\",\"urlTemplate\":\"https:\/\/puringlobal.com\/?s={search_term_string}\"},\"query-input\":{\"@type\":\"PropertyValueSpecification\",\"valueRequired\":true,\"valueName\":\"search_term_string\"}}],\"inLanguage\":\"tr\"},{\"@type\":\"Organization\",\"@id\":\"https:\/\/puringlobal.com\/#organization\",\"name\":\"PURIN\",\"url\":\"https:\/\/puringlobal.com\/\",\"logo\":{\"@type\":\"ImageObject\",\"inLanguage\":\"tr\",\"@id\":\"https:\/\/puringlobal.com\/#\/schema\/logo\/image\/\",\"url\":\"https:\/\/puringlobal.com\/wp-content\/uploads\/2024\/01\/purin.png\",\"contentUrl\":\"https:\/\/puringlobal.com\/wp-content\/uploads\/2024\/01\/purin.png\",\"width\":3207,\"height\":784,\"caption\":\"PURIN\"},\"image\":{\"@id\":\"https:\/\/puringlobal.com\/#\/schema\/logo\/image\/\"}}]}<\/script>\n<!-- \/ Yoast SEO plugin. -->","yoast_head_json":{"title":"Hydroxyl Terminated Polyurethane Systems - PURIN","description":"Hydroxyl-terminated polyurethane systems are structurally isocyanate-free and hydroxyl-terminated structures at the ends.","robots":{"index":"index","follow":"follow","max-snippet":"max-snippet:-1","max-image-preview":"max-image-preview:large","max-video-preview":"max-video-preview:-1"},"canonical":"https:\/\/puringlobal.com\/tr\/hydroxyl-terminated-polyurethane-systems\/","og_locale":"tr_TR","og_type":"article","og_title":"Hydroxyl Terminated Polyurethane Systems - PURIN","og_description":"Hydroxyl-terminated polyurethane systems are structurally isocyanate-free and hydroxyl-terminated structures at the ends.","og_url":"https:\/\/puringlobal.com\/tr\/hydroxyl-terminated-polyurethane-systems\/","og_site_name":"PURIN","article_modified_time":"2024-01-16T07:18:03+00:00","og_image":[{"url":"https:\/\/purin.com.tr\/images\/purinate\/hidro2.jpg"}],"twitter_card":"summary_large_image","twitter_misc":{"Tahmini okuma s\u00fcresi":"1 dakika"},"schema":{"@context":"https:\/\/schema.org","@graph":[{"@type":"WebPage","@id":"https:\/\/puringlobal.com\/hydroxyl-terminated-polyurethane-systems\/","url":"https:\/\/puringlobal.com\/hydroxyl-terminated-polyurethane-systems\/","name":"Hydroxyl Terminated Polyurethane Systems - PURIN","isPartOf":{"@id":"https:\/\/puringlobal.com\/#website"},"primaryImageOfPage":{"@id":"https:\/\/puringlobal.com\/hydroxyl-terminated-polyurethane-systems\/#primaryimage"},"image":{"@id":"https:\/\/puringlobal.com\/hydroxyl-terminated-polyurethane-systems\/#primaryimage"},"thumbnailUrl":"https:\/\/purin.com.tr\/images\/purinate\/hidro2.jpg","datePublished":"2024-01-10T06:28:57+00:00","dateModified":"2024-01-16T07:18:03+00:00","description":"Hydroxyl-terminated polyurethane systems are structurally isocyanate-free and hydroxyl-terminated structures at the ends.","breadcrumb":{"@id":"https:\/\/puringlobal.com\/hydroxyl-terminated-polyurethane-systems\/#breadcrumb"},"inLanguage":"tr","potentialAction":[{"@type":"ReadAction","target":["https:\/\/puringlobal.com\/hydroxyl-terminated-polyurethane-systems\/"]}]},{"@type":"ImageObject","inLanguage":"tr","@id":"https:\/\/puringlobal.com\/hydroxyl-terminated-polyurethane-systems\/#primaryimage","url":"https:\/\/purin.com.tr\/images\/purinate\/hidro2.jpg","contentUrl":"https:\/\/purin.com.tr\/images\/purinate\/hidro2.jpg"},{"@type":"BreadcrumbList","@id":"https:\/\/puringlobal.com\/hydroxyl-terminated-polyurethane-systems\/#breadcrumb","itemListElement":[{"@type":"ListItem","position":1,"name":"Home","item":"https:\/\/puringlobal.com\/"},{"@type":"ListItem","position":2,"name":"Hydroxyl Terminated Polyurethane Systems"}]},{"@type":"WebSite","@id":"https:\/\/puringlobal.com\/#website","url":"https:\/\/puringlobal.com\/","name":"PURIN","description":"","publisher":{"@id":"https:\/\/puringlobal.com\/#organization"},"potentialAction":[{"@type":"SearchAction","target":{"@type":"EntryPoint","urlTemplate":"https:\/\/puringlobal.com\/?s={search_term_string}"},"query-input":{"@type":"PropertyValueSpecification","valueRequired":true,"valueName":"search_term_string"}}],"inLanguage":"tr"},{"@type":"Organization","@id":"https:\/\/puringlobal.com\/#organization","name":"PURIN","url":"https:\/\/puringlobal.com\/","logo":{"@type":"ImageObject","inLanguage":"tr","@id":"https:\/\/puringlobal.com\/#\/schema\/logo\/image\/","url":"https:\/\/puringlobal.com\/wp-content\/uploads\/2024\/01\/purin.png","contentUrl":"https:\/\/puringlobal.com\/wp-content\/uploads\/2024\/01\/purin.png","width":3207,"height":784,"caption":"PURIN"},"image":{"@id":"https:\/\/puringlobal.com\/#\/schema\/logo\/image\/"}}]}},"_links":{"self":[{"href":"https:\/\/puringlobal.com\/tr\/wp-json\/wp\/v2\/pages\/327","targetHints":{"allow":["GET"]}}],"collection":[{"href":"https:\/\/puringlobal.com\/tr\/wp-json\/wp\/v2\/pages"}],"about":[{"href":"https:\/\/puringlobal.com\/tr\/wp-json\/wp\/v2\/types\/page"}],"author":[{"embeddable":true,"href":"https:\/\/puringlobal.com\/tr\/wp-json\/wp\/v2\/users\/1"}],"replies":[{"embeddable":true,"href":"https:\/\/puringlobal.com\/tr\/wp-json\/wp\/v2\/comments?post=327"}],"version-history":[{"count":0,"href":"https:\/\/puringlobal.com\/tr\/wp-json\/wp\/v2\/pages\/327\/revisions"}],"wp:attachment":[{"href":"https:\/\/puringlobal.com\/tr\/wp-json\/wp\/v2\/media?parent=327"}],"curies":[{"name":"wp","href":"https:\/\/api.w.org\/{rel}","templated":true}]}}