{"id":333,"date":"2024-01-10T06:30:17","date_gmt":"2024-01-10T06:30:17","guid":{"rendered":"https:\/\/puringlobal.com\/?page_id=333"},"modified":"2024-01-16T07:32:32","modified_gmt":"2024-01-16T07:32:32","slug":"heat-activated-pud","status":"publish","type":"page","link":"https:\/\/puringlobal.com\/tr\/heat-activated-pud\/","title":{"rendered":"Is\u0131 Aktivite PUD"},"content":{"rendered":"<h1 class=\"wp-block-heading\">Is\u0131 Aktivite PUD<\/h1>\n\n\n\n<p>Is\u0131 ile aktive olan tutkallar s\u0131v\u0131 olarak uygulan\u0131r. Kuruduktan sonra polimer film oda s\u0131cakl\u0131\u011f\u0131nda kurur ve yap\u0131\u015fkan de\u011fildir. \u00dcr\u00fcne g\u00f6re de\u011fi\u015fen s\u0131cakl\u0131klarda kurumu\u015f olan polimer film erir ve yap\u0131\u015fkan hale gelir. Bu yap\u0131\u015fkan form ilgili y\u00fczeylerin yap\u0131\u015fmas\u0131n\u0131 sa\u011flar. S\u0131cakl\u0131k ortadan kalkt\u0131\u011f\u0131nda y\u00fczeyler ve aradaki polimer so\u011fur ve m\u00fckemmel bir yap\u0131\u015fma sonucu elde edilir. \u00d6zel \u00fcretim teknolojisi sayesinde yeniden s\u0131cakl\u0131k uyguland\u0131\u011f\u0131nda bu sefer polimer yap\u0131 formunda de\u011fi\u015fiklik olmaz ve yap\u0131\u015fma \u00f6zelli\u011fini kaybetmez. Tek seferlik bir \u0131s\u0131 aktifli\u011fi ile yap\u0131\u015fma elde edilir.<\/p>\n\n\n\n<figure class=\"wp-block-image\"><img decoding=\"async\" src=\"https:\/\/purin.com.tr\/images\/purinaqua\/isiaktive.jpg\" alt=\"Heat Activated PUD\"\/><\/figure>\n\n\n\n<figure class=\"wp-block-image\"><img decoding=\"async\" src=\"https:\/\/purin.com.tr\/images\/purinaqua\/isiaktive1.jpg\" alt=\"Heat Activated PUD\"\/><\/figure>\n\n\n\n<p>\u00dcr\u00fcnlerimiz 55-90\u00baC aras\u0131nda de\u011fi\u015fik aktivasyon s\u0131cakl\u0131\u011f\u0131na sahiptir. Yap\u0131\u015ft\u0131rma i\u015flemine ve y\u00fczeylere ba\u011fl\u0131 olarak en uygun \u00fcr\u00fcn ve yard\u0131mc\u0131 \u00fcr\u00fcn tercih edilir.<\/p>\n\n\n\n<p>Sisteme yard\u0131mc\u0131 \u00fcr\u00fcn olarak \u00e7apraz ba\u011flay\u0131c\u0131lar eklenerek 2K sistemlere \u00e7evrilebilir. Bu \u015fekilde daha y\u00fcksek yap\u0131\u015fma performans\u0131, yap\u0131\u015fma sonras\u0131 y\u00fcksek \u0131s\u0131 dayan\u0131m\u0131 ve y\u00fcksek y\u0131kama dayan\u0131m\u0131 sa\u011flan\u0131r.<\/p>\n\n\n\n<p><strong>Is\u0131 ile aktive olan re\u00e7ineler form\u00fcle edilerek a\u015fa\u011f\u0131daki alanlarda kullan\u0131labilir;&nbsp;<\/strong><\/p>\n\n\n\n<p>\u2013 Shoe sole bonding<br>\u2013 In the lamination of sponge-leather, sponge-textile on the insole of shoes<br>\u2013 3D furniture glue (membrane press glue)<br>\u2013 Automotive interior laminations<br>\u2013 In flexible packaging lamination<\/p>\n\n\n\n<figure class=\"wp-block-image\"><img decoding=\"async\" src=\"https:\/\/purin.com.tr\/images\/purinaqua\/isiaktive2.jpg\" alt=\"Heat Activated PUD\"\/><\/figure>\n\n\n\n<p><table class=\"has-ti-fg-color has-text-color has-link-color\" style=\"border-style: none; border-collapse: collapse; width: 360px; font-size: 14px; white-space-collapse: collapse; border-width: 0px;\"><tbody style=\"border-style: inherit; border-width: inherit;\"><tr style=\"border-style: inherit; border-width: inherit;\"><td style=\"border-width: inherit; border-style: inherit; border-color: initial; border-image: initial; padding: 0.5em; word-break: normal;\"><a data-type=\"page\" data-id=\"331\" href=\"https:\/\/puringlobal.com\/tr\/polyurethane-dispersions\/\">Poli\u00fcretan Dispersiyonlar<\/a><a data-type=\"page\" data-id=\"333\" href=\"https:\/\/puringlobal.com\/tr\/heat-activated-pud\/\">Is\u0131 Aktivite PUD<\/a><a data-type=\"page\" data-id=\"335\" href=\"https:\/\/puringlobal.com\/tr\/self-crosslinking-pud\/\">Kendili\u011finden Ba\u011flanan PUD<\/a><a data-type=\"page\" data-id=\"337\" href=\"https:\/\/puringlobal.com\/tr\/silane-terminated-pud\/\">Silan U\u00e7lu PUD<\/a><a data-type=\"page\" data-id=\"339\" href=\"https:\/\/puringlobal.com\/tr\/oh-terminated-pud\/\">OH U\u00e7lu PUD<\/a><a data-type=\"page\" data-id=\"341\" href=\"https:\/\/puringlobal.com\/tr\/uv-curable-pud\/\">UV Kurumal\u0131 PUD<\/a><\/td><\/tr><\/tbody><\/table><\/p>\n\n\n\n<p><\/p>","protected":false},"excerpt":{"rendered":"<p>Heat Activated PUD Heat-activated adhesives are applied as liquids. After drying, the polymer film dries at room temperature and is non-sticky. The polymer film, which has dried at varying temperatures depending on the product, melts and becomes sticky. This adhesive form ensures the adhesion of the relevant surfaces. When the temperature disappears, the surfaces and [&hellip;]<\/p>","protected":false},"author":1,"featured_media":0,"parent":0,"menu_order":0,"comment_status":"closed","ping_status":"closed","template":"wp-custom-template-purinaqua-heat-activated-pud","meta":{"_editorskit_title_hidden":false,"_editorskit_reading_time":0,"_editorskit_is_block_options_detached":false,"_editorskit_block_options_position":"{}","passster_activate_protection":false,"passster_protect_child_pages":"","passster_protection_type":"password","passster_password":"","passster_activate_overwrite_defaults":"","passster_headline":"","passster_instruction":"","passster_placeholder":"","passster_button":"","passster_id":"","passster_activate_misc_settings":"","passster_redirect_url":"","passster_hide":"no","passster_area_shortcode":"","footnotes":""},"class_list":["post-333","page","type-page","status-publish","hentry"],"yoast_head":"<!-- This site is optimized with the Yoast SEO plugin v23.4 - https:\/\/yoast.com\/wordpress\/plugins\/seo\/ -->\n<title>Heat Activated PUD - PURIN<\/title>\n<meta name=\"description\" content=\"Heat-activated adhesives are applied as liquids. After drying, the polymer film dries at room temperature and is non-sticky.\" \/>\n<meta name=\"robots\" content=\"index, follow, max-snippet:-1, max-image-preview:large, max-video-preview:-1\" \/>\n<link rel=\"canonical\" href=\"https:\/\/puringlobal.com\/tr\/heat-activated-pud\/\" \/>\n<meta property=\"og:locale\" content=\"tr_TR\" \/>\n<meta property=\"og:type\" content=\"article\" \/>\n<meta property=\"og:title\" content=\"Heat Activated PUD - PURIN\" \/>\n<meta property=\"og:description\" content=\"Heat-activated adhesives are applied as liquids. After drying, the polymer film dries at room temperature and is non-sticky.\" \/>\n<meta property=\"og:url\" content=\"https:\/\/puringlobal.com\/tr\/heat-activated-pud\/\" \/>\n<meta property=\"og:site_name\" content=\"PURIN\" \/>\n<meta property=\"article:modified_time\" content=\"2024-01-16T07:32:32+00:00\" \/>\n<meta property=\"og:image\" content=\"https:\/\/purin.com.tr\/images\/purinaqua\/isiaktive.jpg\" \/>\n<meta name=\"twitter:card\" content=\"summary_large_image\" \/>\n<meta name=\"twitter:label1\" content=\"Tahmini okuma s\u00fcresi\" \/>\n\t<meta name=\"twitter:data1\" content=\"2 dakika\" \/>\n<script type=\"application\/ld+json\" class=\"yoast-schema-graph\">{\"@context\":\"https:\/\/schema.org\",\"@graph\":[{\"@type\":\"WebPage\",\"@id\":\"https:\/\/puringlobal.com\/heat-activated-pud\/\",\"url\":\"https:\/\/puringlobal.com\/heat-activated-pud\/\",\"name\":\"Heat Activated PUD - PURIN\",\"isPartOf\":{\"@id\":\"https:\/\/puringlobal.com\/#website\"},\"primaryImageOfPage\":{\"@id\":\"https:\/\/puringlobal.com\/heat-activated-pud\/#primaryimage\"},\"image\":{\"@id\":\"https:\/\/puringlobal.com\/heat-activated-pud\/#primaryimage\"},\"thumbnailUrl\":\"https:\/\/purin.com.tr\/images\/purinaqua\/isiaktive.jpg\",\"datePublished\":\"2024-01-10T06:30:17+00:00\",\"dateModified\":\"2024-01-16T07:32:32+00:00\",\"description\":\"Heat-activated adhesives are applied as liquids. After drying, the polymer film dries at room temperature and is non-sticky.\",\"breadcrumb\":{\"@id\":\"https:\/\/puringlobal.com\/heat-activated-pud\/#breadcrumb\"},\"inLanguage\":\"tr\",\"potentialAction\":[{\"@type\":\"ReadAction\",\"target\":[\"https:\/\/puringlobal.com\/heat-activated-pud\/\"]}]},{\"@type\":\"ImageObject\",\"inLanguage\":\"tr\",\"@id\":\"https:\/\/puringlobal.com\/heat-activated-pud\/#primaryimage\",\"url\":\"https:\/\/purin.com.tr\/images\/purinaqua\/isiaktive.jpg\",\"contentUrl\":\"https:\/\/purin.com.tr\/images\/purinaqua\/isiaktive.jpg\"},{\"@type\":\"BreadcrumbList\",\"@id\":\"https:\/\/puringlobal.com\/heat-activated-pud\/#breadcrumb\",\"itemListElement\":[{\"@type\":\"ListItem\",\"position\":1,\"name\":\"Home\",\"item\":\"https:\/\/puringlobal.com\/\"},{\"@type\":\"ListItem\",\"position\":2,\"name\":\"Heat Activated PUD\"}]},{\"@type\":\"WebSite\",\"@id\":\"https:\/\/puringlobal.com\/#website\",\"url\":\"https:\/\/puringlobal.com\/\",\"name\":\"PURIN\",\"description\":\"\",\"publisher\":{\"@id\":\"https:\/\/puringlobal.com\/#organization\"},\"potentialAction\":[{\"@type\":\"SearchAction\",\"target\":{\"@type\":\"EntryPoint\",\"urlTemplate\":\"https:\/\/puringlobal.com\/?s={search_term_string}\"},\"query-input\":{\"@type\":\"PropertyValueSpecification\",\"valueRequired\":true,\"valueName\":\"search_term_string\"}}],\"inLanguage\":\"tr\"},{\"@type\":\"Organization\",\"@id\":\"https:\/\/puringlobal.com\/#organization\",\"name\":\"PURIN\",\"url\":\"https:\/\/puringlobal.com\/\",\"logo\":{\"@type\":\"ImageObject\",\"inLanguage\":\"tr\",\"@id\":\"https:\/\/puringlobal.com\/#\/schema\/logo\/image\/\",\"url\":\"https:\/\/puringlobal.com\/wp-content\/uploads\/2024\/01\/purin.png\",\"contentUrl\":\"https:\/\/puringlobal.com\/wp-content\/uploads\/2024\/01\/purin.png\",\"width\":3207,\"height\":784,\"caption\":\"PURIN\"},\"image\":{\"@id\":\"https:\/\/puringlobal.com\/#\/schema\/logo\/image\/\"}}]}<\/script>\n<!-- \/ Yoast SEO plugin. -->","yoast_head_json":{"title":"Heat Activated PUD - PURIN","description":"Heat-activated adhesives are applied as liquids. After drying, the polymer film dries at room temperature and is non-sticky.","robots":{"index":"index","follow":"follow","max-snippet":"max-snippet:-1","max-image-preview":"max-image-preview:large","max-video-preview":"max-video-preview:-1"},"canonical":"https:\/\/puringlobal.com\/tr\/heat-activated-pud\/","og_locale":"tr_TR","og_type":"article","og_title":"Heat Activated PUD - PURIN","og_description":"Heat-activated adhesives are applied as liquids. After drying, the polymer film dries at room temperature and is non-sticky.","og_url":"https:\/\/puringlobal.com\/tr\/heat-activated-pud\/","og_site_name":"PURIN","article_modified_time":"2024-01-16T07:32:32+00:00","og_image":[{"url":"https:\/\/purin.com.tr\/images\/purinaqua\/isiaktive.jpg"}],"twitter_card":"summary_large_image","twitter_misc":{"Tahmini okuma s\u00fcresi":"2 dakika"},"schema":{"@context":"https:\/\/schema.org","@graph":[{"@type":"WebPage","@id":"https:\/\/puringlobal.com\/heat-activated-pud\/","url":"https:\/\/puringlobal.com\/heat-activated-pud\/","name":"Heat Activated PUD - PURIN","isPartOf":{"@id":"https:\/\/puringlobal.com\/#website"},"primaryImageOfPage":{"@id":"https:\/\/puringlobal.com\/heat-activated-pud\/#primaryimage"},"image":{"@id":"https:\/\/puringlobal.com\/heat-activated-pud\/#primaryimage"},"thumbnailUrl":"https:\/\/purin.com.tr\/images\/purinaqua\/isiaktive.jpg","datePublished":"2024-01-10T06:30:17+00:00","dateModified":"2024-01-16T07:32:32+00:00","description":"Heat-activated adhesives are applied as liquids. After drying, the polymer film dries at room temperature and is non-sticky.","breadcrumb":{"@id":"https:\/\/puringlobal.com\/heat-activated-pud\/#breadcrumb"},"inLanguage":"tr","potentialAction":[{"@type":"ReadAction","target":["https:\/\/puringlobal.com\/heat-activated-pud\/"]}]},{"@type":"ImageObject","inLanguage":"tr","@id":"https:\/\/puringlobal.com\/heat-activated-pud\/#primaryimage","url":"https:\/\/purin.com.tr\/images\/purinaqua\/isiaktive.jpg","contentUrl":"https:\/\/purin.com.tr\/images\/purinaqua\/isiaktive.jpg"},{"@type":"BreadcrumbList","@id":"https:\/\/puringlobal.com\/heat-activated-pud\/#breadcrumb","itemListElement":[{"@type":"ListItem","position":1,"name":"Home","item":"https:\/\/puringlobal.com\/"},{"@type":"ListItem","position":2,"name":"Heat Activated PUD"}]},{"@type":"WebSite","@id":"https:\/\/puringlobal.com\/#website","url":"https:\/\/puringlobal.com\/","name":"PURIN","description":"","publisher":{"@id":"https:\/\/puringlobal.com\/#organization"},"potentialAction":[{"@type":"SearchAction","target":{"@type":"EntryPoint","urlTemplate":"https:\/\/puringlobal.com\/?s={search_term_string}"},"query-input":{"@type":"PropertyValueSpecification","valueRequired":true,"valueName":"search_term_string"}}],"inLanguage":"tr"},{"@type":"Organization","@id":"https:\/\/puringlobal.com\/#organization","name":"PURIN","url":"https:\/\/puringlobal.com\/","logo":{"@type":"ImageObject","inLanguage":"tr","@id":"https:\/\/puringlobal.com\/#\/schema\/logo\/image\/","url":"https:\/\/puringlobal.com\/wp-content\/uploads\/2024\/01\/purin.png","contentUrl":"https:\/\/puringlobal.com\/wp-content\/uploads\/2024\/01\/purin.png","width":3207,"height":784,"caption":"PURIN"},"image":{"@id":"https:\/\/puringlobal.com\/#\/schema\/logo\/image\/"}}]}},"_links":{"self":[{"href":"https:\/\/puringlobal.com\/tr\/wp-json\/wp\/v2\/pages\/333","targetHints":{"allow":["GET"]}}],"collection":[{"href":"https:\/\/puringlobal.com\/tr\/wp-json\/wp\/v2\/pages"}],"about":[{"href":"https:\/\/puringlobal.com\/tr\/wp-json\/wp\/v2\/types\/page"}],"author":[{"embeddable":true,"href":"https:\/\/puringlobal.com\/tr\/wp-json\/wp\/v2\/users\/1"}],"replies":[{"embeddable":true,"href":"https:\/\/puringlobal.com\/tr\/wp-json\/wp\/v2\/comments?post=333"}],"version-history":[{"count":0,"href":"https:\/\/puringlobal.com\/tr\/wp-json\/wp\/v2\/pages\/333\/revisions"}],"wp:attachment":[{"href":"https:\/\/puringlobal.com\/tr\/wp-json\/wp\/v2\/media?parent=333"}],"curies":[{"name":"wp","href":"https:\/\/api.w.org\/{rel}","templated":true}]}}