{"id":335,"date":"2024-01-10T06:30:32","date_gmt":"2024-01-10T06:30:32","guid":{"rendered":"https:\/\/puringlobal.com\/?page_id=335"},"modified":"2024-01-16T07:33:58","modified_gmt":"2024-01-16T07:33:58","slug":"self-crosslinking-pud","status":"publish","type":"page","link":"https:\/\/puringlobal.com\/tr\/self-crosslinking-pud\/","title":{"rendered":"Kendili\u011finden Ba\u011flanan PUD"},"content":{"rendered":"<h1 class=\"wp-block-heading\">Kendili\u011finden \u00c7apraz Ba\u011flanan PUD<\/h1>\n\n\n\n<p>Kendinden \u00e7apraz bazl\u0131 dispersiyon sistemleri genellikle kaplama uygulamalar\u0131nda kullan\u0131lan tek bile\u015fenli poli\u00fcretan dispersiyonudur. \u0130ki bile\u015fenli sistemin dezavantaj\u0131 sonradan ilave edilen \u00e7apraz ba\u011flay\u0131c\u0131d\u0131r. \u0130lave edilen \u00e7apraz ba\u011flay\u0131c\u0131lar \u00fcr\u00fcn\u00fcn kap \u00f6mr\u00fcn\u00fc k\u0131salt\u0131r ve belli bir s\u00fcre sonra \u00fcr\u00fcnler kullan\u0131lmaz hale gelir. Kendinden \u00e7apraz ba\u011fl\u0131 poli\u00fcretan dispersiyon sistemlerde \u00e7apraz ba\u011flay\u0131c\u0131 ilavesine gerek olmad\u0131\u011f\u0131ndan dolay\u0131 uzun kap \u00f6mr\u00fc sa\u011flar.<\/p>\n\n\n\n<figure class=\"wp-block-image\"><img decoding=\"async\" src=\"https:\/\/purin.com.tr\/images\/purinaqua\/caprazpud.jpg\" alt=\"Self Crosslinking PUD\"\/><\/figure>\n\n\n\n<p>Dispersiyonun i\u00e7erisinde bulunan \u00e7apraz ba\u011flanma su ve kimyasallar i\u00e7in a\u015f\u0131lmaz bir bariyer olu\u015fturur. Ayr\u0131ca y\u00fcksek \u00e7izilme direnci ve yap\u0131\u015fma sa\u011flar. \u00c7apraz ba\u011flay\u0131c\u0131lar yap\u0131n\u0131n daha sert olmas\u0131n\u0131 sa\u011flar. Ancak olu\u015fan film sert-elastik olmal\u0131d\u0131r. Elastik olmayan filmlerde darbe direnci d\u00fc\u015f\u00fckt\u00fcr ve bu olu\u015fan filmin darbelere kar\u015f\u0131 \u00e7atlamas\u0131na veya k\u0131r\u0131lmas\u0131na neden olur.<\/p>","protected":false},"excerpt":{"rendered":"<p>Self Crosslinking PUD Self-crosslinking dispersion systems are one-component polyurethane dispersions generally used in coating applications. The disadvantage of the two-component system is the added cross-linker. Added cross-linkers shorten the pot life of the product and after a certain period of time, the products become unusable. It provides a long pot life as there is no [&hellip;]<\/p>","protected":false},"author":1,"featured_media":0,"parent":0,"menu_order":0,"comment_status":"closed","ping_status":"closed","template":"wp-custom-template-purinaqua-self-crosslinking-pud","meta":{"_editorskit_title_hidden":false,"_editorskit_reading_time":0,"_editorskit_is_block_options_detached":false,"_editorskit_block_options_position":"{}","passster_activate_protection":false,"passster_protect_child_pages":"","passster_protection_type":"password","passster_password":"","passster_activate_overwrite_defaults":"","passster_headline":"","passster_instruction":"","passster_placeholder":"","passster_button":"","passster_id":"","passster_activate_misc_settings":"","passster_redirect_url":"","passster_hide":"no","passster_area_shortcode":"","footnotes":""},"class_list":["post-335","page","type-page","status-publish","hentry"],"yoast_head":"<!-- This site is optimized with the Yoast SEO plugin v23.4 - https:\/\/yoast.com\/wordpress\/plugins\/seo\/ -->\n<title>Self-crosslinking PUD - PURIN<\/title>\n<meta name=\"description\" content=\"Self-crosslinking dispersion systems are one-component polyurethane dispersions generally used in coating applications.\" \/>\n<meta name=\"robots\" content=\"index, follow, max-snippet:-1, max-image-preview:large, max-video-preview:-1\" \/>\n<link rel=\"canonical\" href=\"https:\/\/puringlobal.com\/tr\/self-crosslinking-pud\/\" \/>\n<meta property=\"og:locale\" content=\"tr_TR\" \/>\n<meta property=\"og:type\" content=\"article\" \/>\n<meta property=\"og:title\" content=\"Self-crosslinking PUD - PURIN\" \/>\n<meta property=\"og:description\" content=\"Self-crosslinking dispersion systems are one-component polyurethane dispersions generally used in coating applications.\" \/>\n<meta property=\"og:url\" content=\"https:\/\/puringlobal.com\/tr\/self-crosslinking-pud\/\" \/>\n<meta property=\"og:site_name\" content=\"PURIN\" \/>\n<meta property=\"article:modified_time\" content=\"2024-01-16T07:33:58+00:00\" \/>\n<meta property=\"og:image\" content=\"https:\/\/purin.com.tr\/images\/purinaqua\/caprazpud.jpg\" \/>\n<meta name=\"twitter:card\" content=\"summary_large_image\" \/>\n<meta name=\"twitter:label1\" content=\"Tahmini okuma s\u00fcresi\" \/>\n\t<meta name=\"twitter:data1\" content=\"1 dakika\" \/>\n<script type=\"application\/ld+json\" class=\"yoast-schema-graph\">{\"@context\":\"https:\/\/schema.org\",\"@graph\":[{\"@type\":\"WebPage\",\"@id\":\"https:\/\/puringlobal.com\/self-crosslinking-pud\/\",\"url\":\"https:\/\/puringlobal.com\/self-crosslinking-pud\/\",\"name\":\"Self-crosslinking PUD - PURIN\",\"isPartOf\":{\"@id\":\"https:\/\/puringlobal.com\/#website\"},\"primaryImageOfPage\":{\"@id\":\"https:\/\/puringlobal.com\/self-crosslinking-pud\/#primaryimage\"},\"image\":{\"@id\":\"https:\/\/puringlobal.com\/self-crosslinking-pud\/#primaryimage\"},\"thumbnailUrl\":\"https:\/\/purin.com.tr\/images\/purinaqua\/caprazpud.jpg\",\"datePublished\":\"2024-01-10T06:30:32+00:00\",\"dateModified\":\"2024-01-16T07:33:58+00:00\",\"description\":\"Self-crosslinking dispersion systems are one-component polyurethane dispersions generally used in coating applications.\",\"breadcrumb\":{\"@id\":\"https:\/\/puringlobal.com\/self-crosslinking-pud\/#breadcrumb\"},\"inLanguage\":\"tr\",\"potentialAction\":[{\"@type\":\"ReadAction\",\"target\":[\"https:\/\/puringlobal.com\/self-crosslinking-pud\/\"]}]},{\"@type\":\"ImageObject\",\"inLanguage\":\"tr\",\"@id\":\"https:\/\/puringlobal.com\/self-crosslinking-pud\/#primaryimage\",\"url\":\"https:\/\/purin.com.tr\/images\/purinaqua\/caprazpud.jpg\",\"contentUrl\":\"https:\/\/purin.com.tr\/images\/purinaqua\/caprazpud.jpg\"},{\"@type\":\"BreadcrumbList\",\"@id\":\"https:\/\/puringlobal.com\/self-crosslinking-pud\/#breadcrumb\",\"itemListElement\":[{\"@type\":\"ListItem\",\"position\":1,\"name\":\"Home\",\"item\":\"https:\/\/puringlobal.com\/\"},{\"@type\":\"ListItem\",\"position\":2,\"name\":\"Self-crosslinking PUD\"}]},{\"@type\":\"WebSite\",\"@id\":\"https:\/\/puringlobal.com\/#website\",\"url\":\"https:\/\/puringlobal.com\/\",\"name\":\"PURIN\",\"description\":\"\",\"publisher\":{\"@id\":\"https:\/\/puringlobal.com\/#organization\"},\"potentialAction\":[{\"@type\":\"SearchAction\",\"target\":{\"@type\":\"EntryPoint\",\"urlTemplate\":\"https:\/\/puringlobal.com\/?s={search_term_string}\"},\"query-input\":{\"@type\":\"PropertyValueSpecification\",\"valueRequired\":true,\"valueName\":\"search_term_string\"}}],\"inLanguage\":\"tr\"},{\"@type\":\"Organization\",\"@id\":\"https:\/\/puringlobal.com\/#organization\",\"name\":\"PURIN\",\"url\":\"https:\/\/puringlobal.com\/\",\"logo\":{\"@type\":\"ImageObject\",\"inLanguage\":\"tr\",\"@id\":\"https:\/\/puringlobal.com\/#\/schema\/logo\/image\/\",\"url\":\"https:\/\/puringlobal.com\/wp-content\/uploads\/2024\/01\/purin.png\",\"contentUrl\":\"https:\/\/puringlobal.com\/wp-content\/uploads\/2024\/01\/purin.png\",\"width\":3207,\"height\":784,\"caption\":\"PURIN\"},\"image\":{\"@id\":\"https:\/\/puringlobal.com\/#\/schema\/logo\/image\/\"}}]}<\/script>\n<!-- \/ Yoast SEO plugin. -->","yoast_head_json":{"title":"Self-crosslinking PUD - PURIN","description":"Self-crosslinking dispersion systems are one-component polyurethane dispersions generally used in coating applications.","robots":{"index":"index","follow":"follow","max-snippet":"max-snippet:-1","max-image-preview":"max-image-preview:large","max-video-preview":"max-video-preview:-1"},"canonical":"https:\/\/puringlobal.com\/tr\/self-crosslinking-pud\/","og_locale":"tr_TR","og_type":"article","og_title":"Self-crosslinking PUD - PURIN","og_description":"Self-crosslinking dispersion systems are one-component polyurethane dispersions generally used in coating applications.","og_url":"https:\/\/puringlobal.com\/tr\/self-crosslinking-pud\/","og_site_name":"PURIN","article_modified_time":"2024-01-16T07:33:58+00:00","og_image":[{"url":"https:\/\/purin.com.tr\/images\/purinaqua\/caprazpud.jpg"}],"twitter_card":"summary_large_image","twitter_misc":{"Tahmini okuma s\u00fcresi":"1 dakika"},"schema":{"@context":"https:\/\/schema.org","@graph":[{"@type":"WebPage","@id":"https:\/\/puringlobal.com\/self-crosslinking-pud\/","url":"https:\/\/puringlobal.com\/self-crosslinking-pud\/","name":"Self-crosslinking PUD - PURIN","isPartOf":{"@id":"https:\/\/puringlobal.com\/#website"},"primaryImageOfPage":{"@id":"https:\/\/puringlobal.com\/self-crosslinking-pud\/#primaryimage"},"image":{"@id":"https:\/\/puringlobal.com\/self-crosslinking-pud\/#primaryimage"},"thumbnailUrl":"https:\/\/purin.com.tr\/images\/purinaqua\/caprazpud.jpg","datePublished":"2024-01-10T06:30:32+00:00","dateModified":"2024-01-16T07:33:58+00:00","description":"Self-crosslinking dispersion systems are one-component polyurethane dispersions generally used in coating applications.","breadcrumb":{"@id":"https:\/\/puringlobal.com\/self-crosslinking-pud\/#breadcrumb"},"inLanguage":"tr","potentialAction":[{"@type":"ReadAction","target":["https:\/\/puringlobal.com\/self-crosslinking-pud\/"]}]},{"@type":"ImageObject","inLanguage":"tr","@id":"https:\/\/puringlobal.com\/self-crosslinking-pud\/#primaryimage","url":"https:\/\/purin.com.tr\/images\/purinaqua\/caprazpud.jpg","contentUrl":"https:\/\/purin.com.tr\/images\/purinaqua\/caprazpud.jpg"},{"@type":"BreadcrumbList","@id":"https:\/\/puringlobal.com\/self-crosslinking-pud\/#breadcrumb","itemListElement":[{"@type":"ListItem","position":1,"name":"Home","item":"https:\/\/puringlobal.com\/"},{"@type":"ListItem","position":2,"name":"Self-crosslinking PUD"}]},{"@type":"WebSite","@id":"https:\/\/puringlobal.com\/#website","url":"https:\/\/puringlobal.com\/","name":"PURIN","description":"","publisher":{"@id":"https:\/\/puringlobal.com\/#organization"},"potentialAction":[{"@type":"SearchAction","target":{"@type":"EntryPoint","urlTemplate":"https:\/\/puringlobal.com\/?s={search_term_string}"},"query-input":{"@type":"PropertyValueSpecification","valueRequired":true,"valueName":"search_term_string"}}],"inLanguage":"tr"},{"@type":"Organization","@id":"https:\/\/puringlobal.com\/#organization","name":"PURIN","url":"https:\/\/puringlobal.com\/","logo":{"@type":"ImageObject","inLanguage":"tr","@id":"https:\/\/puringlobal.com\/#\/schema\/logo\/image\/","url":"https:\/\/puringlobal.com\/wp-content\/uploads\/2024\/01\/purin.png","contentUrl":"https:\/\/puringlobal.com\/wp-content\/uploads\/2024\/01\/purin.png","width":3207,"height":784,"caption":"PURIN"},"image":{"@id":"https:\/\/puringlobal.com\/#\/schema\/logo\/image\/"}}]}},"_links":{"self":[{"href":"https:\/\/puringlobal.com\/tr\/wp-json\/wp\/v2\/pages\/335","targetHints":{"allow":["GET"]}}],"collection":[{"href":"https:\/\/puringlobal.com\/tr\/wp-json\/wp\/v2\/pages"}],"about":[{"href":"https:\/\/puringlobal.com\/tr\/wp-json\/wp\/v2\/types\/page"}],"author":[{"embeddable":true,"href":"https:\/\/puringlobal.com\/tr\/wp-json\/wp\/v2\/users\/1"}],"replies":[{"embeddable":true,"href":"https:\/\/puringlobal.com\/tr\/wp-json\/wp\/v2\/comments?post=335"}],"version-history":[{"count":0,"href":"https:\/\/puringlobal.com\/tr\/wp-json\/wp\/v2\/pages\/335\/revisions"}],"wp:attachment":[{"href":"https:\/\/puringlobal.com\/tr\/wp-json\/wp\/v2\/media?parent=335"}],"curies":[{"name":"wp","href":"https:\/\/api.w.org\/{rel}","templated":true}]}}