{"id":337,"date":"2024-01-10T06:30:46","date_gmt":"2024-01-10T06:30:46","guid":{"rendered":"https:\/\/puringlobal.com\/?page_id=337"},"modified":"2024-01-16T07:35:27","modified_gmt":"2024-01-16T07:35:27","slug":"silane-terminated-pud","status":"publish","type":"page","link":"https:\/\/puringlobal.com\/tr\/silane-terminated-pud\/","title":{"rendered":"Silan U\u00e7lu PUD"},"content":{"rendered":"<h1 class=\"wp-block-heading\">Silan U\u00e7lu PUD<\/h1>\n\n\n\n<p>Gu\u0308nu\u0308mu\u0308zde yayg\u0131n olarak kullan\u0131lmaya ba\u015flayan su bazl\u0131 poliu\u0308retan dispersiyonlar \u00e7evre dostu olmas\u0131 ve u\u0308stu\u0308n performanslar\u0131 ile solvent bazl\u0131 u\u0308ru\u0308nlere gu\u0308\u00e7lu\u0308 bir alternatif olmu\u015ftur. Bu dispersiyonlar\u0131n u\u00e7lar\u0131nda bulunan silanlar ile laminasyon ve kaplama uygulamalar\u0131nda gu\u0308\u00e7lu\u0308 bir yap\u0131\u015fma performans\u0131 g\u00f6sterir.<\/p>\n\n\n\n<figure class=\"wp-block-image\"><img decoding=\"async\" src=\"https:\/\/purin.com.tr\/images\/purinaqua\/silanuclu.jpg\" alt=\"Silane Terminated PUD\"\/><\/figure>\n\n\n\n<p>\u0130\u00e7erisinde bulunan su nedeni ile metal yu\u0308zeylere uygulanamayan dispersiyonlar silan ile modifiye edilerek hem korozyonun \u00f6nlenmesinde hem de su direncinin artmas\u0131n\u0131 sa\u011flar. Ayr\u0131ca yap\u0131n\u0131n zamanla oksitlenerek kullan\u0131lamaz hale gelmesini \u00f6nlemek i\u00e7in u\u0308zerine koruyucu bir bariyer olu\u015fturarak nem ve oksijen ile temas\u0131n\u0131 engellemi\u015f olur.<\/p>\n\n\n\n<h2 class=\"wp-block-heading\"><strong>Silan modifiye PUD sistemlerin avantajlar\u0131;<\/strong><\/h2>\n\n\n\n<p>\u2013 Very strong adhesion performance<br>\u2013 Corrosion resistance<br>\u2013 Hardness and scratch resistance<br>\u2013 Resistance to water<br>\u2013 UV resistance<br>\u2013 Flexibility and durable<\/p>","protected":false},"excerpt":{"rendered":"<p>Silane Terminated PUD Water-based polyurethane dispersions, which are widely used today, have become a strong alternative to solvent-based products with their environmental friendliness and superior performance. Since they are silane terminated dispersions, they show a strong adhesion performance in lamination and coating applications. Dispersions that cannot be applied to metal surfaces due to the water [&hellip;]<\/p>","protected":false},"author":1,"featured_media":0,"parent":0,"menu_order":0,"comment_status":"closed","ping_status":"closed","template":"wp-custom-template-purinaqua-silane-terminated-pud","meta":{"_editorskit_title_hidden":false,"_editorskit_reading_time":0,"_editorskit_is_block_options_detached":false,"_editorskit_block_options_position":"{}","passster_activate_protection":false,"passster_protect_child_pages":"","passster_protection_type":"password","passster_password":"","passster_activate_overwrite_defaults":"","passster_headline":"","passster_instruction":"","passster_placeholder":"","passster_button":"","passster_id":"","passster_activate_misc_settings":"","passster_redirect_url":"","passster_hide":"no","passster_area_shortcode":"","footnotes":""},"class_list":["post-337","page","type-page","status-publish","hentry"],"yoast_head":"<!-- This site is optimized with the Yoast SEO plugin v23.4 - https:\/\/yoast.com\/wordpress\/plugins\/seo\/ -->\n<title>Silane Terminated PUD - PURIN<\/title>\n<meta name=\"description\" content=\"Water-based polyurethane dispersions, which are widely used today, have become a strong alternative to solvent-based products with their environmental friendliness and superior performance.\" \/>\n<meta name=\"robots\" content=\"index, follow, max-snippet:-1, max-image-preview:large, max-video-preview:-1\" \/>\n<link rel=\"canonical\" href=\"https:\/\/puringlobal.com\/tr\/silane-terminated-pud\/\" \/>\n<meta property=\"og:locale\" content=\"tr_TR\" \/>\n<meta property=\"og:type\" content=\"article\" \/>\n<meta property=\"og:title\" content=\"Silane Terminated PUD - PURIN\" \/>\n<meta property=\"og:description\" content=\"Water-based polyurethane dispersions, which are widely used today, have become a strong alternative to solvent-based products with their environmental friendliness and superior performance.\" \/>\n<meta property=\"og:url\" content=\"https:\/\/puringlobal.com\/tr\/silane-terminated-pud\/\" \/>\n<meta property=\"og:site_name\" content=\"PURIN\" \/>\n<meta property=\"article:modified_time\" content=\"2024-01-16T07:35:27+00:00\" \/>\n<meta property=\"og:image\" content=\"https:\/\/purin.com.tr\/images\/purinaqua\/silanuclu.jpg\" \/>\n<meta name=\"twitter:card\" content=\"summary_large_image\" \/>\n<meta name=\"twitter:label1\" content=\"Tahmini okuma s\u00fcresi\" \/>\n\t<meta name=\"twitter:data1\" content=\"1 dakika\" \/>\n<script type=\"application\/ld+json\" class=\"yoast-schema-graph\">{\"@context\":\"https:\/\/schema.org\",\"@graph\":[{\"@type\":\"WebPage\",\"@id\":\"https:\/\/puringlobal.com\/silane-terminated-pud\/\",\"url\":\"https:\/\/puringlobal.com\/silane-terminated-pud\/\",\"name\":\"Silane Terminated PUD - PURIN\",\"isPartOf\":{\"@id\":\"https:\/\/puringlobal.com\/#website\"},\"primaryImageOfPage\":{\"@id\":\"https:\/\/puringlobal.com\/silane-terminated-pud\/#primaryimage\"},\"image\":{\"@id\":\"https:\/\/puringlobal.com\/silane-terminated-pud\/#primaryimage\"},\"thumbnailUrl\":\"https:\/\/purin.com.tr\/images\/purinaqua\/silanuclu.jpg\",\"datePublished\":\"2024-01-10T06:30:46+00:00\",\"dateModified\":\"2024-01-16T07:35:27+00:00\",\"description\":\"Water-based polyurethane dispersions, which are widely used today, have become a strong alternative to solvent-based products with their environmental friendliness and superior performance.\",\"breadcrumb\":{\"@id\":\"https:\/\/puringlobal.com\/silane-terminated-pud\/#breadcrumb\"},\"inLanguage\":\"tr\",\"potentialAction\":[{\"@type\":\"ReadAction\",\"target\":[\"https:\/\/puringlobal.com\/silane-terminated-pud\/\"]}]},{\"@type\":\"ImageObject\",\"inLanguage\":\"tr\",\"@id\":\"https:\/\/puringlobal.com\/silane-terminated-pud\/#primaryimage\",\"url\":\"https:\/\/purin.com.tr\/images\/purinaqua\/silanuclu.jpg\",\"contentUrl\":\"https:\/\/purin.com.tr\/images\/purinaqua\/silanuclu.jpg\"},{\"@type\":\"BreadcrumbList\",\"@id\":\"https:\/\/puringlobal.com\/silane-terminated-pud\/#breadcrumb\",\"itemListElement\":[{\"@type\":\"ListItem\",\"position\":1,\"name\":\"Home\",\"item\":\"https:\/\/puringlobal.com\/\"},{\"@type\":\"ListItem\",\"position\":2,\"name\":\"Silane Terminated PUD\"}]},{\"@type\":\"WebSite\",\"@id\":\"https:\/\/puringlobal.com\/#website\",\"url\":\"https:\/\/puringlobal.com\/\",\"name\":\"PURIN\",\"description\":\"\",\"publisher\":{\"@id\":\"https:\/\/puringlobal.com\/#organization\"},\"potentialAction\":[{\"@type\":\"SearchAction\",\"target\":{\"@type\":\"EntryPoint\",\"urlTemplate\":\"https:\/\/puringlobal.com\/?s={search_term_string}\"},\"query-input\":{\"@type\":\"PropertyValueSpecification\",\"valueRequired\":true,\"valueName\":\"search_term_string\"}}],\"inLanguage\":\"tr\"},{\"@type\":\"Organization\",\"@id\":\"https:\/\/puringlobal.com\/#organization\",\"name\":\"PURIN\",\"url\":\"https:\/\/puringlobal.com\/\",\"logo\":{\"@type\":\"ImageObject\",\"inLanguage\":\"tr\",\"@id\":\"https:\/\/puringlobal.com\/#\/schema\/logo\/image\/\",\"url\":\"https:\/\/puringlobal.com\/wp-content\/uploads\/2024\/01\/purin.png\",\"contentUrl\":\"https:\/\/puringlobal.com\/wp-content\/uploads\/2024\/01\/purin.png\",\"width\":3207,\"height\":784,\"caption\":\"PURIN\"},\"image\":{\"@id\":\"https:\/\/puringlobal.com\/#\/schema\/logo\/image\/\"}}]}<\/script>\n<!-- \/ Yoast SEO plugin. -->","yoast_head_json":{"title":"Silane Terminated PUD - PURIN","description":"Water-based polyurethane dispersions, which are widely used today, have become a strong alternative to solvent-based products with their environmental friendliness and superior performance.","robots":{"index":"index","follow":"follow","max-snippet":"max-snippet:-1","max-image-preview":"max-image-preview:large","max-video-preview":"max-video-preview:-1"},"canonical":"https:\/\/puringlobal.com\/tr\/silane-terminated-pud\/","og_locale":"tr_TR","og_type":"article","og_title":"Silane Terminated PUD - PURIN","og_description":"Water-based polyurethane dispersions, which are widely used today, have become a strong alternative to solvent-based products with their environmental friendliness and superior performance.","og_url":"https:\/\/puringlobal.com\/tr\/silane-terminated-pud\/","og_site_name":"PURIN","article_modified_time":"2024-01-16T07:35:27+00:00","og_image":[{"url":"https:\/\/purin.com.tr\/images\/purinaqua\/silanuclu.jpg"}],"twitter_card":"summary_large_image","twitter_misc":{"Tahmini okuma s\u00fcresi":"1 dakika"},"schema":{"@context":"https:\/\/schema.org","@graph":[{"@type":"WebPage","@id":"https:\/\/puringlobal.com\/silane-terminated-pud\/","url":"https:\/\/puringlobal.com\/silane-terminated-pud\/","name":"Silane Terminated PUD - PURIN","isPartOf":{"@id":"https:\/\/puringlobal.com\/#website"},"primaryImageOfPage":{"@id":"https:\/\/puringlobal.com\/silane-terminated-pud\/#primaryimage"},"image":{"@id":"https:\/\/puringlobal.com\/silane-terminated-pud\/#primaryimage"},"thumbnailUrl":"https:\/\/purin.com.tr\/images\/purinaqua\/silanuclu.jpg","datePublished":"2024-01-10T06:30:46+00:00","dateModified":"2024-01-16T07:35:27+00:00","description":"Water-based polyurethane dispersions, which are widely used today, have become a strong alternative to solvent-based products with their environmental friendliness and superior performance.","breadcrumb":{"@id":"https:\/\/puringlobal.com\/silane-terminated-pud\/#breadcrumb"},"inLanguage":"tr","potentialAction":[{"@type":"ReadAction","target":["https:\/\/puringlobal.com\/silane-terminated-pud\/"]}]},{"@type":"ImageObject","inLanguage":"tr","@id":"https:\/\/puringlobal.com\/silane-terminated-pud\/#primaryimage","url":"https:\/\/purin.com.tr\/images\/purinaqua\/silanuclu.jpg","contentUrl":"https:\/\/purin.com.tr\/images\/purinaqua\/silanuclu.jpg"},{"@type":"BreadcrumbList","@id":"https:\/\/puringlobal.com\/silane-terminated-pud\/#breadcrumb","itemListElement":[{"@type":"ListItem","position":1,"name":"Home","item":"https:\/\/puringlobal.com\/"},{"@type":"ListItem","position":2,"name":"Silane Terminated PUD"}]},{"@type":"WebSite","@id":"https:\/\/puringlobal.com\/#website","url":"https:\/\/puringlobal.com\/","name":"PURIN","description":"","publisher":{"@id":"https:\/\/puringlobal.com\/#organization"},"potentialAction":[{"@type":"SearchAction","target":{"@type":"EntryPoint","urlTemplate":"https:\/\/puringlobal.com\/?s={search_term_string}"},"query-input":{"@type":"PropertyValueSpecification","valueRequired":true,"valueName":"search_term_string"}}],"inLanguage":"tr"},{"@type":"Organization","@id":"https:\/\/puringlobal.com\/#organization","name":"PURIN","url":"https:\/\/puringlobal.com\/","logo":{"@type":"ImageObject","inLanguage":"tr","@id":"https:\/\/puringlobal.com\/#\/schema\/logo\/image\/","url":"https:\/\/puringlobal.com\/wp-content\/uploads\/2024\/01\/purin.png","contentUrl":"https:\/\/puringlobal.com\/wp-content\/uploads\/2024\/01\/purin.png","width":3207,"height":784,"caption":"PURIN"},"image":{"@id":"https:\/\/puringlobal.com\/#\/schema\/logo\/image\/"}}]}},"_links":{"self":[{"href":"https:\/\/puringlobal.com\/tr\/wp-json\/wp\/v2\/pages\/337","targetHints":{"allow":["GET"]}}],"collection":[{"href":"https:\/\/puringlobal.com\/tr\/wp-json\/wp\/v2\/pages"}],"about":[{"href":"https:\/\/puringlobal.com\/tr\/wp-json\/wp\/v2\/types\/page"}],"author":[{"embeddable":true,"href":"https:\/\/puringlobal.com\/tr\/wp-json\/wp\/v2\/users\/1"}],"replies":[{"embeddable":true,"href":"https:\/\/puringlobal.com\/tr\/wp-json\/wp\/v2\/comments?post=337"}],"version-history":[{"count":0,"href":"https:\/\/puringlobal.com\/tr\/wp-json\/wp\/v2\/pages\/337\/revisions"}],"wp:attachment":[{"href":"https:\/\/puringlobal.com\/tr\/wp-json\/wp\/v2\/media?parent=337"}],"curies":[{"name":"wp","href":"https:\/\/api.w.org\/{rel}","templated":true}]}}