{"id":339,"date":"2024-01-10T06:31:04","date_gmt":"2024-01-10T06:31:04","guid":{"rendered":"https:\/\/puringlobal.com\/?page_id=339"},"modified":"2024-01-16T07:37:19","modified_gmt":"2024-01-16T07:37:19","slug":"oh-terminated-pud","status":"publish","type":"page","link":"https:\/\/puringlobal.com\/tr\/oh-terminated-pud\/","title":{"rendered":"OH U\u00e7lu PUD"},"content":{"rendered":"<h1 class=\"wp-block-heading\">OH U\u00e7lu PUD<\/h1>\n\n\n\n<p>OH-fonksiyonel poli\u00fcretan dispersiyonlar\u0131, iki bile\u015fenli sistemlerinin \u00fcretimi i\u00e7in hidrofilik veya hidrofobik izosiyanatlar ile birle\u015ftirilerek kullan\u0131lan sistemlerdir. Kaplama, vernik vb. uygulamalar\u0131nda y\u00fcksek mekaniksel diren\u00e7 ve olu\u015fan filmin \u00e7izilmelere kar\u015f\u0131 dayan\u0131kl\u0131 olmas\u0131 gerekmektedir. OH- Fonksiyonlu poli\u00fcretan dispersiyonlar bu tarz uygulamalarda yan\u0131nda sertle\u015ftirici ile kullan\u0131lmas\u0131 uygundur. Y\u00fcksek parlakl\u0131k seviyesi ve d\u00fc\u015f\u00fck film olu\u015fturma s\u0131cakl\u0131\u011f\u0131 \u00fcr\u00fcn\u00fcn temel \u00f6zelliklerindendir.<\/p>\n\n\n\n<figure class=\"wp-block-image\"><img decoding=\"async\" src=\"https:\/\/purin.com.tr\/images\/purinaqua\/ohuclu.jpg\" alt=\"OH Terminated PUD\"\/><\/figure>\n\n\n\n<p>2K kaplamalar\u0131n y\u00fcksek dayan\u0131kl\u0131l\u0131k, iyi mekanik \u00f6zellikler, y\u00fcksek yap\u0131\u015fma \u00f6zellikleri, su ve a\u015f\u0131nma direnci ve iyi estetik \u00f6zelliklerle form\u00fcle edilmesine olanak tan\u0131d\u0131\u011f\u0131ndan, \u00f6nemli bir ilgi ve pazar pay\u0131 kazanm\u0131\u015ft\u0131r.<\/p>\n\n\n\n<figure class=\"wp-block-table\"><table><tbody><tr><td><a href=\"https:\/\/puringlobal.com\/tr\/polyurethane-dispersions\/\">Poli\u00fcretan Dispersiyonlar<\/a><\/td><\/tr><tr><td><a href=\"https:\/\/puringlobal.com\/tr\/heat-activated-pud\/\">Is\u0131 Aktivite PUD<\/a><\/td><\/tr><tr><td><a href=\"https:\/\/puringlobal.com\/tr\/self-crosslinking-pud\/\">Kendili\u011finden Ba\u011flanan PUD<\/a><\/td><\/tr><tr><td><a href=\"https:\/\/puringlobal.com\/tr\/silane-terminated-pud\/\">Silan U\u00e7lu PUD<\/a><\/td><\/tr><tr><td><a href=\"https:\/\/puringlobal.com\/tr\/oh-terminated-pud\/\">OH U\u00e7lu PUD<\/a><\/td><\/tr><tr><td><a href=\"https:\/\/puringlobal.com\/tr\/uv-curable-pud\/\">UV Kurumal\u0131 PUD<\/a><\/td><\/tr><\/tbody><\/table><\/figure>","protected":false},"excerpt":{"rendered":"<p>OH Terminated PUD OH-functional polyurethane dispersions are systems used in combination with hydrophilic or hydrophobic isocyanates for the production of two-component systems. In applications such as coating and varnish etc. it is necessary to have high mechanical resistance and also the formed film should be resistant to scratches. OH- Functional polyurethane dispersions are suitable to [&hellip;]<\/p>","protected":false},"author":1,"featured_media":0,"parent":0,"menu_order":0,"comment_status":"closed","ping_status":"closed","template":"wp-custom-template-purinaqua-oh-terminated-pud","meta":{"_editorskit_title_hidden":false,"_editorskit_reading_time":0,"_editorskit_is_block_options_detached":false,"_editorskit_block_options_position":"{}","passster_activate_protection":false,"passster_protect_child_pages":"","passster_protection_type":"password","passster_password":"","passster_activate_overwrite_defaults":"","passster_headline":"","passster_instruction":"","passster_placeholder":"","passster_button":"","passster_id":"","passster_activate_misc_settings":"","passster_redirect_url":"","passster_hide":"no","passster_area_shortcode":"","footnotes":""},"class_list":["post-339","page","type-page","status-publish","hentry"],"yoast_head":"<!-- This site is optimized with the Yoast SEO plugin v23.4 - https:\/\/yoast.com\/wordpress\/plugins\/seo\/ -->\n<title>OH Terminated PUD - PURIN<\/title>\n<meta name=\"description\" content=\"OH-functional polyurethane dispersions are systems used in combination with hydrophilic or hydrophobic isocyanates for the production of two-component systems. In applications such as coating and varnish etc.\" \/>\n<meta name=\"robots\" content=\"index, follow, max-snippet:-1, max-image-preview:large, max-video-preview:-1\" \/>\n<link rel=\"canonical\" href=\"https:\/\/puringlobal.com\/tr\/oh-terminated-pud\/\" \/>\n<meta property=\"og:locale\" content=\"tr_TR\" \/>\n<meta property=\"og:type\" content=\"article\" \/>\n<meta property=\"og:title\" content=\"OH Terminated PUD - PURIN\" \/>\n<meta property=\"og:description\" content=\"OH-functional polyurethane dispersions are systems used in combination with hydrophilic or hydrophobic isocyanates for the production of two-component systems. In applications such as coating and varnish etc.\" \/>\n<meta property=\"og:url\" content=\"https:\/\/puringlobal.com\/tr\/oh-terminated-pud\/\" \/>\n<meta property=\"og:site_name\" content=\"PURIN\" \/>\n<meta property=\"article:modified_time\" content=\"2024-01-16T07:37:19+00:00\" \/>\n<meta property=\"og:image\" content=\"https:\/\/purin.com.tr\/images\/purinaqua\/ohuclu.jpg\" \/>\n<meta name=\"twitter:card\" content=\"summary_large_image\" \/>\n<meta name=\"twitter:label1\" content=\"Tahmini okuma s\u00fcresi\" \/>\n\t<meta name=\"twitter:data1\" content=\"1 dakika\" \/>\n<script type=\"application\/ld+json\" class=\"yoast-schema-graph\">{\"@context\":\"https:\/\/schema.org\",\"@graph\":[{\"@type\":\"WebPage\",\"@id\":\"https:\/\/puringlobal.com\/oh-terminated-pud\/\",\"url\":\"https:\/\/puringlobal.com\/oh-terminated-pud\/\",\"name\":\"OH Terminated PUD - PURIN\",\"isPartOf\":{\"@id\":\"https:\/\/puringlobal.com\/#website\"},\"primaryImageOfPage\":{\"@id\":\"https:\/\/puringlobal.com\/oh-terminated-pud\/#primaryimage\"},\"image\":{\"@id\":\"https:\/\/puringlobal.com\/oh-terminated-pud\/#primaryimage\"},\"thumbnailUrl\":\"https:\/\/purin.com.tr\/images\/purinaqua\/ohuclu.jpg\",\"datePublished\":\"2024-01-10T06:31:04+00:00\",\"dateModified\":\"2024-01-16T07:37:19+00:00\",\"description\":\"OH-functional polyurethane dispersions are systems used in combination with hydrophilic or hydrophobic isocyanates for the production of two-component systems. In applications such as coating and varnish etc.\",\"breadcrumb\":{\"@id\":\"https:\/\/puringlobal.com\/oh-terminated-pud\/#breadcrumb\"},\"inLanguage\":\"tr\",\"potentialAction\":[{\"@type\":\"ReadAction\",\"target\":[\"https:\/\/puringlobal.com\/oh-terminated-pud\/\"]}]},{\"@type\":\"ImageObject\",\"inLanguage\":\"tr\",\"@id\":\"https:\/\/puringlobal.com\/oh-terminated-pud\/#primaryimage\",\"url\":\"https:\/\/purin.com.tr\/images\/purinaqua\/ohuclu.jpg\",\"contentUrl\":\"https:\/\/purin.com.tr\/images\/purinaqua\/ohuclu.jpg\"},{\"@type\":\"BreadcrumbList\",\"@id\":\"https:\/\/puringlobal.com\/oh-terminated-pud\/#breadcrumb\",\"itemListElement\":[{\"@type\":\"ListItem\",\"position\":1,\"name\":\"Home\",\"item\":\"https:\/\/puringlobal.com\/\"},{\"@type\":\"ListItem\",\"position\":2,\"name\":\"OH Terminated PUD\"}]},{\"@type\":\"WebSite\",\"@id\":\"https:\/\/puringlobal.com\/#website\",\"url\":\"https:\/\/puringlobal.com\/\",\"name\":\"PURIN\",\"description\":\"\",\"publisher\":{\"@id\":\"https:\/\/puringlobal.com\/#organization\"},\"potentialAction\":[{\"@type\":\"SearchAction\",\"target\":{\"@type\":\"EntryPoint\",\"urlTemplate\":\"https:\/\/puringlobal.com\/?s={search_term_string}\"},\"query-input\":{\"@type\":\"PropertyValueSpecification\",\"valueRequired\":true,\"valueName\":\"search_term_string\"}}],\"inLanguage\":\"tr\"},{\"@type\":\"Organization\",\"@id\":\"https:\/\/puringlobal.com\/#organization\",\"name\":\"PURIN\",\"url\":\"https:\/\/puringlobal.com\/\",\"logo\":{\"@type\":\"ImageObject\",\"inLanguage\":\"tr\",\"@id\":\"https:\/\/puringlobal.com\/#\/schema\/logo\/image\/\",\"url\":\"https:\/\/puringlobal.com\/wp-content\/uploads\/2024\/01\/purin.png\",\"contentUrl\":\"https:\/\/puringlobal.com\/wp-content\/uploads\/2024\/01\/purin.png\",\"width\":3207,\"height\":784,\"caption\":\"PURIN\"},\"image\":{\"@id\":\"https:\/\/puringlobal.com\/#\/schema\/logo\/image\/\"}}]}<\/script>\n<!-- \/ Yoast SEO plugin. -->","yoast_head_json":{"title":"OH Terminated PUD - PURIN","description":"OH-functional polyurethane dispersions are systems used in combination with hydrophilic or hydrophobic isocyanates for the production of two-component systems. In applications such as coating and varnish etc.","robots":{"index":"index","follow":"follow","max-snippet":"max-snippet:-1","max-image-preview":"max-image-preview:large","max-video-preview":"max-video-preview:-1"},"canonical":"https:\/\/puringlobal.com\/tr\/oh-terminated-pud\/","og_locale":"tr_TR","og_type":"article","og_title":"OH Terminated PUD - PURIN","og_description":"OH-functional polyurethane dispersions are systems used in combination with hydrophilic or hydrophobic isocyanates for the production of two-component systems. In applications such as coating and varnish etc.","og_url":"https:\/\/puringlobal.com\/tr\/oh-terminated-pud\/","og_site_name":"PURIN","article_modified_time":"2024-01-16T07:37:19+00:00","og_image":[{"url":"https:\/\/purin.com.tr\/images\/purinaqua\/ohuclu.jpg"}],"twitter_card":"summary_large_image","twitter_misc":{"Tahmini okuma s\u00fcresi":"1 dakika"},"schema":{"@context":"https:\/\/schema.org","@graph":[{"@type":"WebPage","@id":"https:\/\/puringlobal.com\/oh-terminated-pud\/","url":"https:\/\/puringlobal.com\/oh-terminated-pud\/","name":"OH Terminated PUD - PURIN","isPartOf":{"@id":"https:\/\/puringlobal.com\/#website"},"primaryImageOfPage":{"@id":"https:\/\/puringlobal.com\/oh-terminated-pud\/#primaryimage"},"image":{"@id":"https:\/\/puringlobal.com\/oh-terminated-pud\/#primaryimage"},"thumbnailUrl":"https:\/\/purin.com.tr\/images\/purinaqua\/ohuclu.jpg","datePublished":"2024-01-10T06:31:04+00:00","dateModified":"2024-01-16T07:37:19+00:00","description":"OH-functional polyurethane dispersions are systems used in combination with hydrophilic or hydrophobic isocyanates for the production of two-component systems. In applications such as coating and varnish etc.","breadcrumb":{"@id":"https:\/\/puringlobal.com\/oh-terminated-pud\/#breadcrumb"},"inLanguage":"tr","potentialAction":[{"@type":"ReadAction","target":["https:\/\/puringlobal.com\/oh-terminated-pud\/"]}]},{"@type":"ImageObject","inLanguage":"tr","@id":"https:\/\/puringlobal.com\/oh-terminated-pud\/#primaryimage","url":"https:\/\/purin.com.tr\/images\/purinaqua\/ohuclu.jpg","contentUrl":"https:\/\/purin.com.tr\/images\/purinaqua\/ohuclu.jpg"},{"@type":"BreadcrumbList","@id":"https:\/\/puringlobal.com\/oh-terminated-pud\/#breadcrumb","itemListElement":[{"@type":"ListItem","position":1,"name":"Home","item":"https:\/\/puringlobal.com\/"},{"@type":"ListItem","position":2,"name":"OH Terminated PUD"}]},{"@type":"WebSite","@id":"https:\/\/puringlobal.com\/#website","url":"https:\/\/puringlobal.com\/","name":"PURIN","description":"","publisher":{"@id":"https:\/\/puringlobal.com\/#organization"},"potentialAction":[{"@type":"SearchAction","target":{"@type":"EntryPoint","urlTemplate":"https:\/\/puringlobal.com\/?s={search_term_string}"},"query-input":{"@type":"PropertyValueSpecification","valueRequired":true,"valueName":"search_term_string"}}],"inLanguage":"tr"},{"@type":"Organization","@id":"https:\/\/puringlobal.com\/#organization","name":"PURIN","url":"https:\/\/puringlobal.com\/","logo":{"@type":"ImageObject","inLanguage":"tr","@id":"https:\/\/puringlobal.com\/#\/schema\/logo\/image\/","url":"https:\/\/puringlobal.com\/wp-content\/uploads\/2024\/01\/purin.png","contentUrl":"https:\/\/puringlobal.com\/wp-content\/uploads\/2024\/01\/purin.png","width":3207,"height":784,"caption":"PURIN"},"image":{"@id":"https:\/\/puringlobal.com\/#\/schema\/logo\/image\/"}}]}},"_links":{"self":[{"href":"https:\/\/puringlobal.com\/tr\/wp-json\/wp\/v2\/pages\/339","targetHints":{"allow":["GET"]}}],"collection":[{"href":"https:\/\/puringlobal.com\/tr\/wp-json\/wp\/v2\/pages"}],"about":[{"href":"https:\/\/puringlobal.com\/tr\/wp-json\/wp\/v2\/types\/page"}],"author":[{"embeddable":true,"href":"https:\/\/puringlobal.com\/tr\/wp-json\/wp\/v2\/users\/1"}],"replies":[{"embeddable":true,"href":"https:\/\/puringlobal.com\/tr\/wp-json\/wp\/v2\/comments?post=339"}],"version-history":[{"count":0,"href":"https:\/\/puringlobal.com\/tr\/wp-json\/wp\/v2\/pages\/339\/revisions"}],"wp:attachment":[{"href":"https:\/\/puringlobal.com\/tr\/wp-json\/wp\/v2\/media?parent=339"}],"curies":[{"name":"wp","href":"https:\/\/api.w.org\/{rel}","templated":true}]}}