{"id":341,"date":"2024-01-10T06:31:16","date_gmt":"2024-01-10T06:31:16","guid":{"rendered":"https:\/\/puringlobal.com\/?page_id=341"},"modified":"2024-01-16T07:39:14","modified_gmt":"2024-01-16T07:39:14","slug":"uv-curable-pud","status":"publish","type":"page","link":"https:\/\/puringlobal.com\/tr\/uv-curable-pud\/","title":{"rendered":"UV Kurumal\u0131 PUD"},"content":{"rendered":"<h1 class=\"wp-block-heading\">UV Kurumal\u0131 PUD<\/h1>\n\n\n\n<p>UV ile k\u00fcrlenebilen su bazl\u0131 poli\u00fcretan dispersiyonlar, d\u00fc\u015f\u00fck \u00e7evresel etkisi, kolay kullan\u0131m\u0131 ile PUD sistemler ve UV k\u00fcrlenmeyi birle\u015ftiren yenilik\u00e7i \u00fcr\u00fcnler aras\u0131nda ba\u015far\u0131l\u0131 bir s\u0131rada yer almaktad\u0131r. UV k\u00fcrlenmeli sistemler, etkili ve olduk\u00e7a h\u0131zl\u0131 bir y\u00f6ntemdir. Uygulanm\u0131\u015f ya\u015f film ultraviyole \u0131\u015f\u0131nlara maruz b\u0131rak\u0131larak \u00e7ok k\u0131sa s\u00fcrede k\u00fcrlenir.UV- Cure PUD sistemleri ah\u015fap, beton vb. zeminler \u00fcr\u00fcnlerin \u00fczerine uygulanarak yap\u0131ya \u00e7izilme ve a\u015f\u0131nma direnci kazand\u0131rmaktad\u0131r. Ayr\u0131ca kullan\u0131m\u0131 esnas\u0131nda solvent ve monomerlerin aksine koku yapmazlar. VOC i\u00e7eri\u011fi d\u00fc\u015f\u00fck veya s\u0131f\u0131ra yak\u0131nd\u0131r. Su bazl\u0131 UV-Cure sistemleri 0 kat\u0131l\u0131 UV kaplama sistemlerine nazaran daha h\u0131zl\u0131 kuruma ve h\u0131zl\u0131 z\u0131mpara ya da ikinci kat uygulama avantaj\u0131 sa\u011flar.<\/p>\n\n\n\n<figure class=\"wp-block-image\"><img decoding=\"async\" src=\"https:\/\/purin.com.tr\/images\/purinaqua\/uvpud.jpg\" alt=\"UV Curable PUD\"\/><\/figure>\n\n\n\n<p>Yap\u0131lan kaplamalar hemen kullan\u0131labilir. Kimyasallara kar\u015f\u0131 diren\u00e7li olmas\u0131 sayesinde fabrika zeminlerinde de kullan\u0131l\u0131r. Bu \u00fcr\u00fcnler sprey, perde gibi uygulama ekipmanlar\u0131 ile uygulanabilir. Uygulama sonras\u0131 ya\u015f film i\u00e7erisindeki suyun, UV lamba \u00f6ncesinde filmden tamamen uzakla\u015ft\u0131r\u0131lmas\u0131 gerekir. Bunun i\u00e7in \u00f6zel tasarlanm\u0131\u015f s\u0131cak hava f\u0131r\u0131nlar\u0131 kullan\u0131l\u0131r. UV lamba sonras\u0131 uygulanm\u0131\u015f \u00fcr\u00fcn fiziksel ve kimyasal k\u00fcrlenmesini tamamlad\u0131\u011f\u0131 i\u00e7in istiflemeye haz\u0131rd\u0131r.<\/p>\n\n\n\n<p><\/p>\n\n\n\n<figure class=\"wp-block-table\"><table><tbody><tr><td><a href=\"https:\/\/puringlobal.com\/tr\/polyurethane-dispersions\/\">Poli\u00fcretan Dispersiyonlar<\/a><\/td><\/tr><tr><td><a href=\"https:\/\/puringlobal.com\/tr\/heat-activated-pud\/\">Is\u0131 Aktivite PUD<\/a><\/td><\/tr><tr><td><a href=\"https:\/\/puringlobal.com\/tr\/self-crosslinking-pud\/\">Kendili\u011finden Ba\u011flanan PUD<\/a><\/td><\/tr><tr><td><a href=\"https:\/\/puringlobal.com\/tr\/silane-terminated-pud\/\">Silan U\u00e7lu PUD<\/a><\/td><\/tr><tr><td><a href=\"https:\/\/puringlobal.com\/tr\/oh-terminated-pud\/\">OH U\u00e7lu PUD<\/a><\/td><\/tr><tr><td><a href=\"https:\/\/puringlobal.com\/tr\/uv-curable-pud\/\">UV Kurumal\u0131 PUD<\/a><\/td><\/tr><\/tbody><\/table><\/figure>","protected":false},"excerpt":{"rendered":"<p>UV Curable PUD UV-curable, water-based polyurethane dispersions rank successfully among innovative products that combine PUD systems and UV curing with their low environmental impact, ease of use. UV curing systems are an effective and very fast method. The applied wet film is exposed to ultraviolet rays and cures in a very short time. UV-Cure PUD [&hellip;]<\/p>","protected":false},"author":1,"featured_media":0,"parent":0,"menu_order":0,"comment_status":"closed","ping_status":"closed","template":"wp-custom-template-purinaqua-uv-curable-pud","meta":{"_editorskit_title_hidden":false,"_editorskit_reading_time":0,"_editorskit_is_block_options_detached":false,"_editorskit_block_options_position":"{}","passster_activate_protection":false,"passster_protect_child_pages":"","passster_protection_type":"password","passster_password":"","passster_activate_overwrite_defaults":"","passster_headline":"","passster_instruction":"","passster_placeholder":"","passster_button":"","passster_id":"","passster_activate_misc_settings":"","passster_redirect_url":"","passster_hide":"no","passster_area_shortcode":"","footnotes":""},"class_list":["post-341","page","type-page","status-publish","hentry"],"yoast_head":"<!-- This site is optimized with the Yoast SEO plugin v23.4 - https:\/\/yoast.com\/wordpress\/plugins\/seo\/ -->\n<title>UV Curable PUD - PURIN<\/title>\n<meta name=\"description\" content=\"UV-curable, water-based polyurethane dispersions rank successfully among innovative products that combine PUD systems and UV curing with their low environmental impact, ease of use.\" \/>\n<meta name=\"robots\" content=\"index, follow, max-snippet:-1, max-image-preview:large, max-video-preview:-1\" \/>\n<link rel=\"canonical\" href=\"https:\/\/puringlobal.com\/tr\/uv-curable-pud\/\" \/>\n<meta property=\"og:locale\" content=\"tr_TR\" \/>\n<meta property=\"og:type\" content=\"article\" \/>\n<meta property=\"og:title\" content=\"UV Curable PUD - PURIN\" \/>\n<meta property=\"og:description\" content=\"UV-curable, water-based polyurethane dispersions rank successfully among innovative products that combine PUD systems and UV curing with their low environmental impact, ease of use.\" \/>\n<meta property=\"og:url\" content=\"https:\/\/puringlobal.com\/tr\/uv-curable-pud\/\" \/>\n<meta property=\"og:site_name\" content=\"PURIN\" \/>\n<meta property=\"article:modified_time\" content=\"2024-01-16T07:39:14+00:00\" \/>\n<meta property=\"og:image\" content=\"https:\/\/purin.com.tr\/images\/purinaqua\/uvpud.jpg\" \/>\n<meta name=\"twitter:card\" content=\"summary_large_image\" \/>\n<meta name=\"twitter:label1\" content=\"Tahmini okuma s\u00fcresi\" \/>\n\t<meta name=\"twitter:data1\" content=\"2 dakika\" \/>\n<script type=\"application\/ld+json\" class=\"yoast-schema-graph\">{\"@context\":\"https:\/\/schema.org\",\"@graph\":[{\"@type\":\"WebPage\",\"@id\":\"https:\/\/puringlobal.com\/uv-curable-pud\/\",\"url\":\"https:\/\/puringlobal.com\/uv-curable-pud\/\",\"name\":\"UV Curable PUD - PURIN\",\"isPartOf\":{\"@id\":\"https:\/\/puringlobal.com\/#website\"},\"primaryImageOfPage\":{\"@id\":\"https:\/\/puringlobal.com\/uv-curable-pud\/#primaryimage\"},\"image\":{\"@id\":\"https:\/\/puringlobal.com\/uv-curable-pud\/#primaryimage\"},\"thumbnailUrl\":\"https:\/\/purin.com.tr\/images\/purinaqua\/uvpud.jpg\",\"datePublished\":\"2024-01-10T06:31:16+00:00\",\"dateModified\":\"2024-01-16T07:39:14+00:00\",\"description\":\"UV-curable, water-based polyurethane dispersions rank successfully among innovative products that combine PUD systems and UV curing with their low environmental impact, ease of use.\",\"breadcrumb\":{\"@id\":\"https:\/\/puringlobal.com\/uv-curable-pud\/#breadcrumb\"},\"inLanguage\":\"tr\",\"potentialAction\":[{\"@type\":\"ReadAction\",\"target\":[\"https:\/\/puringlobal.com\/uv-curable-pud\/\"]}]},{\"@type\":\"ImageObject\",\"inLanguage\":\"tr\",\"@id\":\"https:\/\/puringlobal.com\/uv-curable-pud\/#primaryimage\",\"url\":\"https:\/\/purin.com.tr\/images\/purinaqua\/uvpud.jpg\",\"contentUrl\":\"https:\/\/purin.com.tr\/images\/purinaqua\/uvpud.jpg\"},{\"@type\":\"BreadcrumbList\",\"@id\":\"https:\/\/puringlobal.com\/uv-curable-pud\/#breadcrumb\",\"itemListElement\":[{\"@type\":\"ListItem\",\"position\":1,\"name\":\"Home\",\"item\":\"https:\/\/puringlobal.com\/\"},{\"@type\":\"ListItem\",\"position\":2,\"name\":\"UV Curable PUD\"}]},{\"@type\":\"WebSite\",\"@id\":\"https:\/\/puringlobal.com\/#website\",\"url\":\"https:\/\/puringlobal.com\/\",\"name\":\"PURIN\",\"description\":\"\",\"publisher\":{\"@id\":\"https:\/\/puringlobal.com\/#organization\"},\"potentialAction\":[{\"@type\":\"SearchAction\",\"target\":{\"@type\":\"EntryPoint\",\"urlTemplate\":\"https:\/\/puringlobal.com\/?s={search_term_string}\"},\"query-input\":{\"@type\":\"PropertyValueSpecification\",\"valueRequired\":true,\"valueName\":\"search_term_string\"}}],\"inLanguage\":\"tr\"},{\"@type\":\"Organization\",\"@id\":\"https:\/\/puringlobal.com\/#organization\",\"name\":\"PURIN\",\"url\":\"https:\/\/puringlobal.com\/\",\"logo\":{\"@type\":\"ImageObject\",\"inLanguage\":\"tr\",\"@id\":\"https:\/\/puringlobal.com\/#\/schema\/logo\/image\/\",\"url\":\"https:\/\/puringlobal.com\/wp-content\/uploads\/2024\/01\/purin.png\",\"contentUrl\":\"https:\/\/puringlobal.com\/wp-content\/uploads\/2024\/01\/purin.png\",\"width\":3207,\"height\":784,\"caption\":\"PURIN\"},\"image\":{\"@id\":\"https:\/\/puringlobal.com\/#\/schema\/logo\/image\/\"}}]}<\/script>\n<!-- \/ Yoast SEO plugin. -->","yoast_head_json":{"title":"UV Curable PUD - PURIN","description":"UV-curable, water-based polyurethane dispersions rank successfully among innovative products that combine PUD systems and UV curing with their low environmental impact, ease of use.","robots":{"index":"index","follow":"follow","max-snippet":"max-snippet:-1","max-image-preview":"max-image-preview:large","max-video-preview":"max-video-preview:-1"},"canonical":"https:\/\/puringlobal.com\/tr\/uv-curable-pud\/","og_locale":"tr_TR","og_type":"article","og_title":"UV Curable PUD - PURIN","og_description":"UV-curable, water-based polyurethane dispersions rank successfully among innovative products that combine PUD systems and UV curing with their low environmental impact, ease of use.","og_url":"https:\/\/puringlobal.com\/tr\/uv-curable-pud\/","og_site_name":"PURIN","article_modified_time":"2024-01-16T07:39:14+00:00","og_image":[{"url":"https:\/\/purin.com.tr\/images\/purinaqua\/uvpud.jpg"}],"twitter_card":"summary_large_image","twitter_misc":{"Tahmini okuma s\u00fcresi":"2 dakika"},"schema":{"@context":"https:\/\/schema.org","@graph":[{"@type":"WebPage","@id":"https:\/\/puringlobal.com\/uv-curable-pud\/","url":"https:\/\/puringlobal.com\/uv-curable-pud\/","name":"UV Curable PUD - PURIN","isPartOf":{"@id":"https:\/\/puringlobal.com\/#website"},"primaryImageOfPage":{"@id":"https:\/\/puringlobal.com\/uv-curable-pud\/#primaryimage"},"image":{"@id":"https:\/\/puringlobal.com\/uv-curable-pud\/#primaryimage"},"thumbnailUrl":"https:\/\/purin.com.tr\/images\/purinaqua\/uvpud.jpg","datePublished":"2024-01-10T06:31:16+00:00","dateModified":"2024-01-16T07:39:14+00:00","description":"UV-curable, water-based polyurethane dispersions rank successfully among innovative products that combine PUD systems and UV curing with their low environmental impact, ease of use.","breadcrumb":{"@id":"https:\/\/puringlobal.com\/uv-curable-pud\/#breadcrumb"},"inLanguage":"tr","potentialAction":[{"@type":"ReadAction","target":["https:\/\/puringlobal.com\/uv-curable-pud\/"]}]},{"@type":"ImageObject","inLanguage":"tr","@id":"https:\/\/puringlobal.com\/uv-curable-pud\/#primaryimage","url":"https:\/\/purin.com.tr\/images\/purinaqua\/uvpud.jpg","contentUrl":"https:\/\/purin.com.tr\/images\/purinaqua\/uvpud.jpg"},{"@type":"BreadcrumbList","@id":"https:\/\/puringlobal.com\/uv-curable-pud\/#breadcrumb","itemListElement":[{"@type":"ListItem","position":1,"name":"Home","item":"https:\/\/puringlobal.com\/"},{"@type":"ListItem","position":2,"name":"UV Curable PUD"}]},{"@type":"WebSite","@id":"https:\/\/puringlobal.com\/#website","url":"https:\/\/puringlobal.com\/","name":"PURIN","description":"","publisher":{"@id":"https:\/\/puringlobal.com\/#organization"},"potentialAction":[{"@type":"SearchAction","target":{"@type":"EntryPoint","urlTemplate":"https:\/\/puringlobal.com\/?s={search_term_string}"},"query-input":{"@type":"PropertyValueSpecification","valueRequired":true,"valueName":"search_term_string"}}],"inLanguage":"tr"},{"@type":"Organization","@id":"https:\/\/puringlobal.com\/#organization","name":"PURIN","url":"https:\/\/puringlobal.com\/","logo":{"@type":"ImageObject","inLanguage":"tr","@id":"https:\/\/puringlobal.com\/#\/schema\/logo\/image\/","url":"https:\/\/puringlobal.com\/wp-content\/uploads\/2024\/01\/purin.png","contentUrl":"https:\/\/puringlobal.com\/wp-content\/uploads\/2024\/01\/purin.png","width":3207,"height":784,"caption":"PURIN"},"image":{"@id":"https:\/\/puringlobal.com\/#\/schema\/logo\/image\/"}}]}},"_links":{"self":[{"href":"https:\/\/puringlobal.com\/tr\/wp-json\/wp\/v2\/pages\/341","targetHints":{"allow":["GET"]}}],"collection":[{"href":"https:\/\/puringlobal.com\/tr\/wp-json\/wp\/v2\/pages"}],"about":[{"href":"https:\/\/puringlobal.com\/tr\/wp-json\/wp\/v2\/types\/page"}],"author":[{"embeddable":true,"href":"https:\/\/puringlobal.com\/tr\/wp-json\/wp\/v2\/users\/1"}],"replies":[{"embeddable":true,"href":"https:\/\/puringlobal.com\/tr\/wp-json\/wp\/v2\/comments?post=341"}],"version-history":[{"count":0,"href":"https:\/\/puringlobal.com\/tr\/wp-json\/wp\/v2\/pages\/341\/revisions"}],"wp:attachment":[{"href":"https:\/\/puringlobal.com\/tr\/wp-json\/wp\/v2\/media?parent=341"}],"curies":[{"name":"wp","href":"https:\/\/api.w.org\/{rel}","templated":true}]}}