{"id":345,"date":"2024-01-10T06:32:11","date_gmt":"2024-01-10T06:32:11","guid":{"rendered":"https:\/\/puringlobal.com\/?page_id=345"},"modified":"2024-01-16T07:44:48","modified_gmt":"2024-01-16T07:44:48","slug":"textile-coatings","status":"publish","type":"page","link":"https:\/\/puringlobal.com\/tr\/textile-coatings\/","title":{"rendered":"Tekstil Kaplamalar\u0131"},"content":{"rendered":"<h1 class=\"wp-block-heading\">Tekstil Kaplamalar\u0131<\/h1>\n\n\n\n<p>Tekstil kaplamalar bir malzemeye \u00f6zelliklerini de\u011fi\u015ftirmek, geli\u015ftirmek veya iyile\u015ftirmek i\u00e7in uygulan\u0131r.<\/p>\n\n\n\n<p>TeksIl kaplamalar\u0131 hem i\u015flevsel hem de estetik bir dizi farkl\u0131 sonu\u00e7 verir. Havac\u0131l\u0131k ve otomotivden d\u0131\u015f giyim ve jeotekstillere kadar bir\u00e7ok end\u00fcstride kullan\u0131l\u0131r.<\/p>\n\n\n\n<figure class=\"wp-block-image\"><img decoding=\"async\" src=\"https:\/\/purin.com.tr\/images\/purincoat\/purincoat-tekstil1.jpg\" alt=\"Textile Coatings\" title=\"\"\/><\/figure>\n\n\n\n<p>Kimyasal kaplama, herhangi bir malzemeye, o malzemenin belirli \u00f6zelliklerini geli\u015ftirmek veya yeni \u00f6zellikler kazand\u0131rmak amac\u0131yla uygulanabilen bir form\u00fclasyondur. Kuma\u015f, \u00e7elik, cam ve ah\u015fap gibi bunun uygulanabilece\u011fi \u00e7ok \u00e7e\u015fitli malzemeler vard\u0131r. Kimyasal bir kaplaman\u0131n verebilece\u011fi farkl\u0131 \u00f6zellik t\u00fcrleri aras\u0131nda su iticilik, alev geciktirme, dayan\u0131kl\u0131l\u0131k, antistatik ve farkl\u0131 renkler vard\u0131r.<\/p>\n\n\n\n<p>Kaplamalar tekstillere performanslar\u0131n\u0131 ve estetik \u00e7ekicili\u011fini geli\u015ftirerek de\u011fer katarlar. Tekstil kaplama teknikleri ve teknolojisi, teknik tekstil malzemelerinin kullan\u0131mlar\u0131 artt\u0131k\u00e7a son birka\u00e7 y\u0131lda \u00f6nemli \u00f6l\u00e7\u00fcde geli\u015fmi\u015f ve \u00e7e\u015fitlenmi\u015fIr. Bu teknikler, \u00e7evre \u00fczerindeki etkiyi giderek daha fazla dikkate almaktad\u0131r. S\u00fcrd\u00fcr\u00fclebilirlik ve verimlilik tekstil kaplamalar\u0131n\u0131n iki \u00f6nemli hedefi halindedir.<\/p>\n\n\n\n<p>Bir\u00e7ok tekstil kaplama tekni\u011fi vard\u0131r ancak hepsi malzemenin y\u00fczeyine kimyasal bir tabaka olu\u015fturma bak\u0131m\u0131ndan benzerdir. Kullan\u0131lan kimyasal bile\u015fik ve kaplama tekni\u011fi, tamam\u0131 tekstilin nihai kullan\u0131m\u0131na ba\u011fl\u0131d\u0131r.<\/p>\n\n\n\n<p><strong>Tekstil kaplama teknikleri \u015funlard\u0131r;<\/strong><\/p>\n\n\n\n<p><strong>Do\u011frudan kaplama:<\/strong>&nbsp;Kimyasal\u0131 tekstil \u00fczerine sabit bir b\u0131\u00e7akla yay\u0131l\u0131r.<\/p>\n\n\n\n<p><strong>Transfer kaplama:<\/strong>&nbsp;Kimyasal \u00f6nce bir ka\u011f\u0131t \u00fczerine uygulan\u0131r sonra bu tekstile yap\u0131\u015ft\u0131r\u0131l\u0131r. Son olarak ise ayr\u0131labilen ka\u011f\u0131t tekstilden ayr\u0131larak kaplama i\u015flemi tamamlanm\u0131\u015f olur.<\/p>\n\n\n\n<p><strong>K\u00f6p\u00fckl\u00fc kaplama:<\/strong>&nbsp;The chemical coating is sprayed directly onto the textile.<\/p>\n\n\n\n<p><strong>Sprey kaplama:<\/strong>&nbsp;Kimyasal kaplama do\u011frudan tekstil \u00fczerine p\u00fcsk\u00fcrt\u00fcl\u00fcr.<\/p>\n\n\n\n<p><strong>K\u00f6p\u00fckl\u00fc kaplama:<\/strong>&nbsp;Normalde \u00f6rme veya dokuma kuma\u015flar i\u00e7in kullan\u0131l\u0131r, tekstil y\u00fczeyinde bir k\u00f6p\u00fck kaplama bulunur ve daha sonra bir merdane ile tekstil \u00fczerine verilir. Kaplamal\u0131 tekstiller tar\u0131m, otomotiv, giyim, ev mobilyalar\u0131, medikal, koruyucu giysiler gibi bir\u00e7ok alanda kullan\u0131lmaktad\u0131r.<\/p>\n\n\n\n<p>Coated textiles are used in many areas such as agriculture, automotive, clothing, home furniture, medical, protective clothing.<\/p>\n\n\n\n<p>Poli\u00fcretan kaplama malzemeleri \u00e7o\u011funlukla DMF gibi insana ve \u00e7evreye zararl\u0131 \u00e7\u00f6z\u00fcc\u00fcler ile sunulmaktad\u0131r. \u00d6zellikle suni deri \u00fcretiminde \u00e7o\u011funlukla kullan\u0131lan bu malzemeler bu dezavantajlar\u0131 nedeniyle zamanla uygulamadan kalkmaktad\u0131r. Bir\u00e7ok tekstil kaplamalar ise de\u011fi\u015fik solvent sistemlerin kullan\u0131ld\u0131\u011f\u0131 poli\u00fcretanlar ile yap\u0131lmaktad\u0131r.<\/p>\n\n\n\n<p>PURIN olarak al\u0131\u015f\u0131lm\u0131\u015f poli\u00fcretan kaplamalar yerine su bazl\u0131 poli\u00fcretanlar\u0131n \u00fcretimi ve uygulamalar\u0131 \u00fczerine \u00e7al\u0131\u015fmaktay\u0131z. Su bazl\u0131 sistemler hem \u00e7\u00f6z\u00fcc\u00fclerin dezavantajlar\u0131n\u0131 ortadan kald\u0131rmakta hem daha y\u00fcksek performansl\u0131 \u00fcr\u00fcnlerin tasar\u0131mlar\u0131na olanak sa\u011flamaktad\u0131rlar.<\/p>\n\n\n\n<p>Suni deri, orijinal deri, ya\u011fmurluk, i\u015f k\u0131yafetleri, \u00e7ad\u0131r ve brandalar, spor k\u0131yafetleri ve ayakkab\u0131 tekstil \u00fcr\u00fcnleri gibi bir\u00e7ok alanda poli\u00fcretan kaplamalar tercih edilmektedir. Tenimize temas edecek kadar yak\u0131n olan bu kimyasal kaplamalar\u0131 se\u00e7me konusunda \u00e7ok hassasiyet g\u00f6stermemiz gerekiyor. Bu nedenle PURIN su bazl\u0131 poli\u00fcretan sistemleri ile bu alanda sizlere \u00e7\u00f6z\u00fcm sunmaktad\u0131r.<\/p>","protected":false},"excerpt":{"rendered":"<p>Textile Coatings Textile coatings are applied to a material to modify, enhance or improve its properties. Textile coatings yield a range of different results, both functional and aesthetic. It is used in many industries, from aerospace and automotive to outerwear and geotextiles. Chemical coating is a formulation that can be applied to any material in [&hellip;]<\/p>","protected":false},"author":1,"featured_media":0,"parent":0,"menu_order":0,"comment_status":"closed","ping_status":"closed","template":"wp-custom-template-purincoat-textile-coatings","meta":{"_editorskit_title_hidden":false,"_editorskit_reading_time":0,"_editorskit_is_block_options_detached":false,"_editorskit_block_options_position":"{}","passster_activate_protection":false,"passster_protect_child_pages":"","passster_protection_type":"password","passster_password":"","passster_activate_overwrite_defaults":"","passster_headline":"","passster_instruction":"","passster_placeholder":"","passster_button":"","passster_id":"","passster_activate_misc_settings":"","passster_redirect_url":"","passster_hide":"no","passster_area_shortcode":"","footnotes":""},"class_list":["post-345","page","type-page","status-publish","hentry"],"yoast_head":"<!-- This site is optimized with the Yoast SEO plugin v23.4 - https:\/\/yoast.com\/wordpress\/plugins\/seo\/ -->\n<title>Textile Coatings - PURIN<\/title>\n<meta name=\"description\" content=\"Textile coatings are applied to a material to modify, enhance or improve its properties.Textile coatings yield a range of different results.\" \/>\n<meta name=\"robots\" content=\"index, follow, max-snippet:-1, max-image-preview:large, max-video-preview:-1\" \/>\n<link rel=\"canonical\" href=\"https:\/\/puringlobal.com\/tr\/textile-coatings\/\" \/>\n<meta property=\"og:locale\" content=\"tr_TR\" \/>\n<meta property=\"og:type\" content=\"article\" \/>\n<meta property=\"og:title\" content=\"Textile Coatings - PURIN\" \/>\n<meta property=\"og:description\" content=\"Textile coatings are applied to a material to modify, enhance or improve its properties.Textile coatings yield a range of different results.\" \/>\n<meta property=\"og:url\" content=\"https:\/\/puringlobal.com\/tr\/textile-coatings\/\" \/>\n<meta property=\"og:site_name\" content=\"PURIN\" \/>\n<meta property=\"article:modified_time\" content=\"2024-01-16T07:44:48+00:00\" \/>\n<meta property=\"og:image\" content=\"https:\/\/purin.com.tr\/images\/purincoat\/purincoat-tekstil1.jpg\" \/>\n<meta name=\"twitter:card\" content=\"summary_large_image\" \/>\n<meta name=\"twitter:label1\" content=\"Tahmini okuma s\u00fcresi\" \/>\n\t<meta name=\"twitter:data1\" content=\"3 dakika\" \/>\n<script type=\"application\/ld+json\" class=\"yoast-schema-graph\">{\"@context\":\"https:\/\/schema.org\",\"@graph\":[{\"@type\":\"WebPage\",\"@id\":\"https:\/\/puringlobal.com\/textile-coatings\/\",\"url\":\"https:\/\/puringlobal.com\/textile-coatings\/\",\"name\":\"Textile Coatings - PURIN\",\"isPartOf\":{\"@id\":\"https:\/\/puringlobal.com\/#website\"},\"primaryImageOfPage\":{\"@id\":\"https:\/\/puringlobal.com\/textile-coatings\/#primaryimage\"},\"image\":{\"@id\":\"https:\/\/puringlobal.com\/textile-coatings\/#primaryimage\"},\"thumbnailUrl\":\"https:\/\/purin.com.tr\/images\/purincoat\/purincoat-tekstil1.jpg\",\"datePublished\":\"2024-01-10T06:32:11+00:00\",\"dateModified\":\"2024-01-16T07:44:48+00:00\",\"description\":\"Textile coatings are applied to a material to modify, enhance or improve its properties.Textile coatings yield a range of different results.\",\"breadcrumb\":{\"@id\":\"https:\/\/puringlobal.com\/textile-coatings\/#breadcrumb\"},\"inLanguage\":\"tr\",\"potentialAction\":[{\"@type\":\"ReadAction\",\"target\":[\"https:\/\/puringlobal.com\/textile-coatings\/\"]}]},{\"@type\":\"ImageObject\",\"inLanguage\":\"tr\",\"@id\":\"https:\/\/puringlobal.com\/textile-coatings\/#primaryimage\",\"url\":\"https:\/\/purin.com.tr\/images\/purincoat\/purincoat-tekstil1.jpg\",\"contentUrl\":\"https:\/\/purin.com.tr\/images\/purincoat\/purincoat-tekstil1.jpg\"},{\"@type\":\"BreadcrumbList\",\"@id\":\"https:\/\/puringlobal.com\/textile-coatings\/#breadcrumb\",\"itemListElement\":[{\"@type\":\"ListItem\",\"position\":1,\"name\":\"Home\",\"item\":\"https:\/\/puringlobal.com\/\"},{\"@type\":\"ListItem\",\"position\":2,\"name\":\"Textile Coatings\"}]},{\"@type\":\"WebSite\",\"@id\":\"https:\/\/puringlobal.com\/#website\",\"url\":\"https:\/\/puringlobal.com\/\",\"name\":\"PURIN\",\"description\":\"\",\"publisher\":{\"@id\":\"https:\/\/puringlobal.com\/#organization\"},\"potentialAction\":[{\"@type\":\"SearchAction\",\"target\":{\"@type\":\"EntryPoint\",\"urlTemplate\":\"https:\/\/puringlobal.com\/?s={search_term_string}\"},\"query-input\":{\"@type\":\"PropertyValueSpecification\",\"valueRequired\":true,\"valueName\":\"search_term_string\"}}],\"inLanguage\":\"tr\"},{\"@type\":\"Organization\",\"@id\":\"https:\/\/puringlobal.com\/#organization\",\"name\":\"PURIN\",\"url\":\"https:\/\/puringlobal.com\/\",\"logo\":{\"@type\":\"ImageObject\",\"inLanguage\":\"tr\",\"@id\":\"https:\/\/puringlobal.com\/#\/schema\/logo\/image\/\",\"url\":\"https:\/\/puringlobal.com\/wp-content\/uploads\/2024\/01\/purin.png\",\"contentUrl\":\"https:\/\/puringlobal.com\/wp-content\/uploads\/2024\/01\/purin.png\",\"width\":3207,\"height\":784,\"caption\":\"PURIN\"},\"image\":{\"@id\":\"https:\/\/puringlobal.com\/#\/schema\/logo\/image\/\"}}]}<\/script>\n<!-- \/ Yoast SEO plugin. -->","yoast_head_json":{"title":"Textile Coatings - PURIN","description":"Textile coatings are applied to a material to modify, enhance or improve its properties.Textile coatings yield a range of different results.","robots":{"index":"index","follow":"follow","max-snippet":"max-snippet:-1","max-image-preview":"max-image-preview:large","max-video-preview":"max-video-preview:-1"},"canonical":"https:\/\/puringlobal.com\/tr\/textile-coatings\/","og_locale":"tr_TR","og_type":"article","og_title":"Textile Coatings - PURIN","og_description":"Textile coatings are applied to a material to modify, enhance or improve its properties.Textile coatings yield a range of different results.","og_url":"https:\/\/puringlobal.com\/tr\/textile-coatings\/","og_site_name":"PURIN","article_modified_time":"2024-01-16T07:44:48+00:00","og_image":[{"url":"https:\/\/purin.com.tr\/images\/purincoat\/purincoat-tekstil1.jpg"}],"twitter_card":"summary_large_image","twitter_misc":{"Tahmini okuma s\u00fcresi":"3 dakika"},"schema":{"@context":"https:\/\/schema.org","@graph":[{"@type":"WebPage","@id":"https:\/\/puringlobal.com\/textile-coatings\/","url":"https:\/\/puringlobal.com\/textile-coatings\/","name":"Textile Coatings - PURIN","isPartOf":{"@id":"https:\/\/puringlobal.com\/#website"},"primaryImageOfPage":{"@id":"https:\/\/puringlobal.com\/textile-coatings\/#primaryimage"},"image":{"@id":"https:\/\/puringlobal.com\/textile-coatings\/#primaryimage"},"thumbnailUrl":"https:\/\/purin.com.tr\/images\/purincoat\/purincoat-tekstil1.jpg","datePublished":"2024-01-10T06:32:11+00:00","dateModified":"2024-01-16T07:44:48+00:00","description":"Textile coatings are applied to a material to modify, enhance or improve its properties.Textile coatings yield a range of different results.","breadcrumb":{"@id":"https:\/\/puringlobal.com\/textile-coatings\/#breadcrumb"},"inLanguage":"tr","potentialAction":[{"@type":"ReadAction","target":["https:\/\/puringlobal.com\/textile-coatings\/"]}]},{"@type":"ImageObject","inLanguage":"tr","@id":"https:\/\/puringlobal.com\/textile-coatings\/#primaryimage","url":"https:\/\/purin.com.tr\/images\/purincoat\/purincoat-tekstil1.jpg","contentUrl":"https:\/\/purin.com.tr\/images\/purincoat\/purincoat-tekstil1.jpg"},{"@type":"BreadcrumbList","@id":"https:\/\/puringlobal.com\/textile-coatings\/#breadcrumb","itemListElement":[{"@type":"ListItem","position":1,"name":"Home","item":"https:\/\/puringlobal.com\/"},{"@type":"ListItem","position":2,"name":"Textile Coatings"}]},{"@type":"WebSite","@id":"https:\/\/puringlobal.com\/#website","url":"https:\/\/puringlobal.com\/","name":"PURIN","description":"","publisher":{"@id":"https:\/\/puringlobal.com\/#organization"},"potentialAction":[{"@type":"SearchAction","target":{"@type":"EntryPoint","urlTemplate":"https:\/\/puringlobal.com\/?s={search_term_string}"},"query-input":{"@type":"PropertyValueSpecification","valueRequired":true,"valueName":"search_term_string"}}],"inLanguage":"tr"},{"@type":"Organization","@id":"https:\/\/puringlobal.com\/#organization","name":"PURIN","url":"https:\/\/puringlobal.com\/","logo":{"@type":"ImageObject","inLanguage":"tr","@id":"https:\/\/puringlobal.com\/#\/schema\/logo\/image\/","url":"https:\/\/puringlobal.com\/wp-content\/uploads\/2024\/01\/purin.png","contentUrl":"https:\/\/puringlobal.com\/wp-content\/uploads\/2024\/01\/purin.png","width":3207,"height":784,"caption":"PURIN"},"image":{"@id":"https:\/\/puringlobal.com\/#\/schema\/logo\/image\/"}}]}},"_links":{"self":[{"href":"https:\/\/puringlobal.com\/tr\/wp-json\/wp\/v2\/pages\/345","targetHints":{"allow":["GET"]}}],"collection":[{"href":"https:\/\/puringlobal.com\/tr\/wp-json\/wp\/v2\/pages"}],"about":[{"href":"https:\/\/puringlobal.com\/tr\/wp-json\/wp\/v2\/types\/page"}],"author":[{"embeddable":true,"href":"https:\/\/puringlobal.com\/tr\/wp-json\/wp\/v2\/users\/1"}],"replies":[{"embeddable":true,"href":"https:\/\/puringlobal.com\/tr\/wp-json\/wp\/v2\/comments?post=345"}],"version-history":[{"count":0,"href":"https:\/\/puringlobal.com\/tr\/wp-json\/wp\/v2\/pages\/345\/revisions"}],"wp:attachment":[{"href":"https:\/\/puringlobal.com\/tr\/wp-json\/wp\/v2\/media?parent=345"}],"curies":[{"name":"wp","href":"https:\/\/api.w.org\/{rel}","templated":true}]}}