{"id":351,"date":"2024-01-10T06:33:15","date_gmt":"2024-01-10T06:33:15","guid":{"rendered":"https:\/\/puringlobal.com\/?page_id=351"},"modified":"2024-01-16T07:51:04","modified_gmt":"2024-01-16T07:51:04","slug":"sanding-lamination","status":"publish","type":"page","link":"https:\/\/puringlobal.com\/tr\/sanding-lamination\/","title":{"rendered":"Z\u0131mpara Laminasyonu"},"content":{"rendered":"<h1 class=\"wp-block-heading\">Z\u0131mpara Laminasyonu<\/h1>\n\n\n\n<p>\u00c7ok gu\u0308\u00e7lu\u0308 yap\u0131\u015fma performans\u0131na sahip olan bu tutkallar tekstil kuma\u015f\u0131n z\u0131mpara ka\u011f\u0131d\u0131na mu\u0308kemmel tutunmas\u0131n\u0131 sa\u011flayarak yumu\u015fak bir film olu\u015fturur. Elastik yap\u0131l\u0131 malzemeler oldu\u011fundan lamine i\u015fleminden sonra kuma\u015f esnetildi\u011fine deforme olmadan kal\u0131c\u0131 yap\u0131\u015fma sa\u011flar. Bu sekt\u00f6re sunulan aromatik ve su bazl\u0131 u\u0308ru\u0308n gruplar\u0131 vard\u0131r.<\/p>\n\n\n\n<figure class=\"wp-block-image\"><img decoding=\"async\" src=\"https:\/\/purin.com.tr\/images\/purinadhe\/z%C4%B1mpara1.jpg\" alt=\"Sanding Lamination\"\/><\/figure>\n\n\n\n<p>Solvent bazl\u0131 u\u0308ru\u0308nler so\u011fuk uygulamal\u0131 olarak \u0131s\u0131 prosesine gerek duymadan uygulanabilir. Sadece u\u0308retim s\u0131ras\u0131nda ortaya \u00e7\u0131kan solventi ortadan kald\u0131rmak i\u00e7in vakum sistemi kullan\u0131lmas\u0131 gerekmektedir. Bu u\u0308ru\u0308nler solvent uzakla\u015ft\u0131ktan sonra ortamdaki nem ile ku\u0308rlenerek lamine i\u015flemini sa\u011flar. Hot melt sistemlere k\u0131yasla fiziksel form de\u011fi\u015fikli\u011fine gerek duymadan ilk tutunma \u00f6zelli\u011fini korurlar.<\/p>\n\n\n\n<p>Su bazl\u0131 u\u0308ru\u0308nler ise, solventli u\u0308ru\u0308nlerin yan\u0131 s\u0131ra u\u0308retim esnas\u0131nda rahats\u0131z edici koku \u00e7\u0131karmaz ve daha sa\u011fl\u0131kl\u0131 u\u0308retim yapman\u0131za yard\u0131mc\u0131 olur. Bu sekt\u00f6rde yer alan su bazl\u0131 lateks veya PVA gibi tutkallar ile k\u0131yaslanamayacak kadar u\u0308stu\u0308n \u00f6zellikte olan bu tutkallar\u0131n u\u0308retim s\u0131ras\u0131nda bir f\u0131r\u0131nlama i\u015flemi yap\u0131larak i\u00e7erisindeki su uzakla\u015ft\u0131r\u0131l\u0131r ve kurumaya ba\u015flayan film lamine edilecek malzemelere mu\u0308kemmel yap\u0131\u015fma performans\u0131 g\u00f6sterirken kuruduktan sonra yu\u0308ksek y\u0131kama dayan\u0131m\u0131 sa\u011flar. Kullan\u0131ma haz\u0131r olarak paketlenen bu u\u0308ru\u0308nler sprey ya da merdaneli laminasyon u\u0308retim proseslerine uygun olarak tasarlanm\u0131\u015ft\u0131r. Ayr\u0131ca lamine i\u015fleminden sonra elastik yap\u0131da bir film olu\u015fturdu\u011fundan kuma\u015f esnetildi\u011fine deforme olmadan kal\u0131c\u0131 yap\u0131\u015fma sa\u011flar.<\/p>\n\n\n\n<figure class=\"wp-block-image\"><img decoding=\"async\" src=\"https:\/\/puringlobal.com\/wp-content\/uploads\/2024\/01\/purinadhe_1.webp\" alt=\"Sanding Lamination\" class=\"wp-image-418\"\/><\/figure>\n\n\n\n<figure class=\"wp-block-table\"><table><tbody><tr><td><a href=\"https:\/\/puringlobal.com\/tr\/membrane-press-adhesive\/\">Membran Pres Yap\u0131\u015ft\u0131r\u0131c\u0131s\u0131<\/a><\/td><\/tr><tr><td><a href=\"https:\/\/puringlobal.com\/tr\/textile-lamination\/\">Tekstil Laminasyonu<\/a><\/td><\/tr><tr><td><a href=\"https:\/\/puringlobal.com\/tr\/sanding-lamination\/\">Z\u0131mpara Laminasyonu<\/a><\/td><\/tr><\/tbody><\/table><\/figure>","protected":false},"excerpt":{"rendered":"<p>Sanding Lamination These glues, which have very strong adhesion performance, form a soft film by providing excellent adhesion of the textile fabric to the sandpaper. Since the fabric is elastic, it provides permanent adhesion without deforming when the fabric is stretched after the lamination process. There are aromatic and water-based product groups offered to this [&hellip;]<\/p>","protected":false},"author":1,"featured_media":0,"parent":0,"menu_order":0,"comment_status":"closed","ping_status":"closed","template":"wp-custom-template-purin-adhe-sanding-lamination","meta":{"_editorskit_title_hidden":false,"_editorskit_reading_time":0,"_editorskit_is_block_options_detached":false,"_editorskit_block_options_position":"{}","passster_activate_protection":false,"passster_protect_child_pages":"","passster_protection_type":"password","passster_password":"","passster_activate_overwrite_defaults":"","passster_headline":"","passster_instruction":"","passster_placeholder":"","passster_button":"","passster_id":"","passster_activate_misc_settings":"","passster_redirect_url":"","passster_hide":"no","passster_area_shortcode":"","footnotes":""},"class_list":["post-351","page","type-page","status-publish","hentry"],"yoast_head":"<!-- This site is optimized with the Yoast SEO plugin v23.4 - https:\/\/yoast.com\/wordpress\/plugins\/seo\/ -->\n<title>Sanding Lamination - PURIN<\/title>\n<meta name=\"description\" content=\"These glues, which have very strong adhesion performance, form a soft film by providing excellent adhesion of the textile fabric to the sandpaper.\" \/>\n<meta name=\"robots\" content=\"index, follow, max-snippet:-1, max-image-preview:large, max-video-preview:-1\" \/>\n<link rel=\"canonical\" href=\"https:\/\/puringlobal.com\/tr\/sanding-lamination\/\" \/>\n<meta property=\"og:locale\" content=\"tr_TR\" \/>\n<meta property=\"og:type\" content=\"article\" \/>\n<meta property=\"og:title\" content=\"Sanding Lamination - PURIN\" \/>\n<meta property=\"og:description\" content=\"These glues, which have very strong adhesion performance, form a soft film by providing excellent adhesion of the textile fabric to the sandpaper.\" \/>\n<meta property=\"og:url\" content=\"https:\/\/puringlobal.com\/tr\/sanding-lamination\/\" \/>\n<meta property=\"og:site_name\" content=\"PURIN\" \/>\n<meta property=\"article:modified_time\" content=\"2024-01-16T07:51:04+00:00\" \/>\n<meta property=\"og:image\" content=\"https:\/\/purin.com.tr\/images\/purinadhe\/z%C4%B1mpara1.jpg\" \/>\n<meta name=\"twitter:card\" content=\"summary_large_image\" \/>\n<meta name=\"twitter:label1\" content=\"Tahmini okuma s\u00fcresi\" \/>\n\t<meta name=\"twitter:data1\" content=\"2 dakika\" \/>\n<script type=\"application\/ld+json\" class=\"yoast-schema-graph\">{\"@context\":\"https:\/\/schema.org\",\"@graph\":[{\"@type\":\"WebPage\",\"@id\":\"https:\/\/puringlobal.com\/sanding-lamination\/\",\"url\":\"https:\/\/puringlobal.com\/sanding-lamination\/\",\"name\":\"Sanding Lamination - PURIN\",\"isPartOf\":{\"@id\":\"https:\/\/puringlobal.com\/#website\"},\"primaryImageOfPage\":{\"@id\":\"https:\/\/puringlobal.com\/sanding-lamination\/#primaryimage\"},\"image\":{\"@id\":\"https:\/\/puringlobal.com\/sanding-lamination\/#primaryimage\"},\"thumbnailUrl\":\"https:\/\/purin.com.tr\/images\/purinadhe\/z%C4%B1mpara1.jpg\",\"datePublished\":\"2024-01-10T06:33:15+00:00\",\"dateModified\":\"2024-01-16T07:51:04+00:00\",\"description\":\"These glues, which have very strong adhesion performance, form a soft film by providing excellent adhesion of the textile fabric to the sandpaper.\",\"breadcrumb\":{\"@id\":\"https:\/\/puringlobal.com\/sanding-lamination\/#breadcrumb\"},\"inLanguage\":\"tr\",\"potentialAction\":[{\"@type\":\"ReadAction\",\"target\":[\"https:\/\/puringlobal.com\/sanding-lamination\/\"]}]},{\"@type\":\"ImageObject\",\"inLanguage\":\"tr\",\"@id\":\"https:\/\/puringlobal.com\/sanding-lamination\/#primaryimage\",\"url\":\"https:\/\/purin.com.tr\/images\/purinadhe\/z%C4%B1mpara1.jpg\",\"contentUrl\":\"https:\/\/purin.com.tr\/images\/purinadhe\/z%C4%B1mpara1.jpg\"},{\"@type\":\"BreadcrumbList\",\"@id\":\"https:\/\/puringlobal.com\/sanding-lamination\/#breadcrumb\",\"itemListElement\":[{\"@type\":\"ListItem\",\"position\":1,\"name\":\"Home\",\"item\":\"https:\/\/puringlobal.com\/\"},{\"@type\":\"ListItem\",\"position\":2,\"name\":\"Sanding Lamination\"}]},{\"@type\":\"WebSite\",\"@id\":\"https:\/\/puringlobal.com\/#website\",\"url\":\"https:\/\/puringlobal.com\/\",\"name\":\"PURIN\",\"description\":\"\",\"publisher\":{\"@id\":\"https:\/\/puringlobal.com\/#organization\"},\"potentialAction\":[{\"@type\":\"SearchAction\",\"target\":{\"@type\":\"EntryPoint\",\"urlTemplate\":\"https:\/\/puringlobal.com\/?s={search_term_string}\"},\"query-input\":{\"@type\":\"PropertyValueSpecification\",\"valueRequired\":true,\"valueName\":\"search_term_string\"}}],\"inLanguage\":\"tr\"},{\"@type\":\"Organization\",\"@id\":\"https:\/\/puringlobal.com\/#organization\",\"name\":\"PURIN\",\"url\":\"https:\/\/puringlobal.com\/\",\"logo\":{\"@type\":\"ImageObject\",\"inLanguage\":\"tr\",\"@id\":\"https:\/\/puringlobal.com\/#\/schema\/logo\/image\/\",\"url\":\"https:\/\/puringlobal.com\/wp-content\/uploads\/2024\/01\/purin.png\",\"contentUrl\":\"https:\/\/puringlobal.com\/wp-content\/uploads\/2024\/01\/purin.png\",\"width\":3207,\"height\":784,\"caption\":\"PURIN\"},\"image\":{\"@id\":\"https:\/\/puringlobal.com\/#\/schema\/logo\/image\/\"}}]}<\/script>\n<!-- \/ Yoast SEO plugin. -->","yoast_head_json":{"title":"Sanding Lamination - PURIN","description":"These glues, which have very strong adhesion performance, form a soft film by providing excellent adhesion of the textile fabric to the sandpaper.","robots":{"index":"index","follow":"follow","max-snippet":"max-snippet:-1","max-image-preview":"max-image-preview:large","max-video-preview":"max-video-preview:-1"},"canonical":"https:\/\/puringlobal.com\/tr\/sanding-lamination\/","og_locale":"tr_TR","og_type":"article","og_title":"Sanding Lamination - PURIN","og_description":"These glues, which have very strong adhesion performance, form a soft film by providing excellent adhesion of the textile fabric to the sandpaper.","og_url":"https:\/\/puringlobal.com\/tr\/sanding-lamination\/","og_site_name":"PURIN","article_modified_time":"2024-01-16T07:51:04+00:00","og_image":[{"url":"https:\/\/purin.com.tr\/images\/purinadhe\/z%C4%B1mpara1.jpg"}],"twitter_card":"summary_large_image","twitter_misc":{"Tahmini okuma s\u00fcresi":"2 dakika"},"schema":{"@context":"https:\/\/schema.org","@graph":[{"@type":"WebPage","@id":"https:\/\/puringlobal.com\/sanding-lamination\/","url":"https:\/\/puringlobal.com\/sanding-lamination\/","name":"Sanding Lamination - PURIN","isPartOf":{"@id":"https:\/\/puringlobal.com\/#website"},"primaryImageOfPage":{"@id":"https:\/\/puringlobal.com\/sanding-lamination\/#primaryimage"},"image":{"@id":"https:\/\/puringlobal.com\/sanding-lamination\/#primaryimage"},"thumbnailUrl":"https:\/\/purin.com.tr\/images\/purinadhe\/z%C4%B1mpara1.jpg","datePublished":"2024-01-10T06:33:15+00:00","dateModified":"2024-01-16T07:51:04+00:00","description":"These glues, which have very strong adhesion performance, form a soft film by providing excellent adhesion of the textile fabric to the sandpaper.","breadcrumb":{"@id":"https:\/\/puringlobal.com\/sanding-lamination\/#breadcrumb"},"inLanguage":"tr","potentialAction":[{"@type":"ReadAction","target":["https:\/\/puringlobal.com\/sanding-lamination\/"]}]},{"@type":"ImageObject","inLanguage":"tr","@id":"https:\/\/puringlobal.com\/sanding-lamination\/#primaryimage","url":"https:\/\/purin.com.tr\/images\/purinadhe\/z%C4%B1mpara1.jpg","contentUrl":"https:\/\/purin.com.tr\/images\/purinadhe\/z%C4%B1mpara1.jpg"},{"@type":"BreadcrumbList","@id":"https:\/\/puringlobal.com\/sanding-lamination\/#breadcrumb","itemListElement":[{"@type":"ListItem","position":1,"name":"Home","item":"https:\/\/puringlobal.com\/"},{"@type":"ListItem","position":2,"name":"Sanding Lamination"}]},{"@type":"WebSite","@id":"https:\/\/puringlobal.com\/#website","url":"https:\/\/puringlobal.com\/","name":"PURIN","description":"","publisher":{"@id":"https:\/\/puringlobal.com\/#organization"},"potentialAction":[{"@type":"SearchAction","target":{"@type":"EntryPoint","urlTemplate":"https:\/\/puringlobal.com\/?s={search_term_string}"},"query-input":{"@type":"PropertyValueSpecification","valueRequired":true,"valueName":"search_term_string"}}],"inLanguage":"tr"},{"@type":"Organization","@id":"https:\/\/puringlobal.com\/#organization","name":"PURIN","url":"https:\/\/puringlobal.com\/","logo":{"@type":"ImageObject","inLanguage":"tr","@id":"https:\/\/puringlobal.com\/#\/schema\/logo\/image\/","url":"https:\/\/puringlobal.com\/wp-content\/uploads\/2024\/01\/purin.png","contentUrl":"https:\/\/puringlobal.com\/wp-content\/uploads\/2024\/01\/purin.png","width":3207,"height":784,"caption":"PURIN"},"image":{"@id":"https:\/\/puringlobal.com\/#\/schema\/logo\/image\/"}}]}},"_links":{"self":[{"href":"https:\/\/puringlobal.com\/tr\/wp-json\/wp\/v2\/pages\/351","targetHints":{"allow":["GET"]}}],"collection":[{"href":"https:\/\/puringlobal.com\/tr\/wp-json\/wp\/v2\/pages"}],"about":[{"href":"https:\/\/puringlobal.com\/tr\/wp-json\/wp\/v2\/types\/page"}],"author":[{"embeddable":true,"href":"https:\/\/puringlobal.com\/tr\/wp-json\/wp\/v2\/users\/1"}],"replies":[{"embeddable":true,"href":"https:\/\/puringlobal.com\/tr\/wp-json\/wp\/v2\/comments?post=351"}],"version-history":[{"count":0,"href":"https:\/\/puringlobal.com\/tr\/wp-json\/wp\/v2\/pages\/351\/revisions"}],"wp:attachment":[{"href":"https:\/\/puringlobal.com\/tr\/wp-json\/wp\/v2\/media?parent=351"}],"curies":[{"name":"wp","href":"https:\/\/api.w.org\/{rel}","templated":true}]}}