{"id":535,"date":"2024-01-11T11:17:33","date_gmt":"2024-01-11T11:17:33","guid":{"rendered":"https:\/\/puringlobal.com\/?page_id=535"},"modified":"2024-01-24T06:46:34","modified_gmt":"2024-01-24T06:46:34","slug":"technical-laminations","status":"publish","type":"page","link":"https:\/\/puringlobal.com\/tr\/technical-laminations\/","title":{"rendered":"Technical Laminations"},"content":{"rendered":"<h1 class=\"wp-block-heading\">Tekstil Laminasyonu<\/h1>\n\n\n\n<p>Tekstil sekt\u00f6ru\u0308nde en \u00f6nemli uygulamalar\u0131ndan biri olan laminasyon i\u015flemleri, son u\u0308ru\u0308nu\u0308n en kritik kalite unsurudur. Bu kalite i\u00e7in laminasyon i\u015flemlerinde u\u0308stu\u0308n yap\u0131\u015fma mukavemeti ve y\u0131kama dayan\u0131m\u0131 istenilen \u00f6ncelikli iki parametredir.<\/p>\n\n\n\n<p><strong>Tekstilde Laminasyon \u00e7e\u015fitleri a\u015fa\u011f\u0131daki gibidir;<\/strong><\/p>\n\n\n\n<p><strong>Alev laminasyonu:<\/strong>&nbsp;Poliu\u0308retan su\u0308ngerin alev uygulanarak yap\u0131\u015fma \u00f6zelli\u011finden faydalanarak yap\u0131l\u0131r.<\/p>\n\n\n\n<p><strong>Film laminasyonu:<\/strong>&nbsp;\u0130ki kuma\u015f aras\u0131ndaki filmin \u0131s\u0131 ile yap\u0131\u015fkan olmas\u0131nda faydalan\u0131l\u0131r.<\/p>\n\n\n\n<p><strong>Eriyik Tutkal:<\/strong>&nbsp;Hot Melt olarak bilinen reaktif PU, h\u0131zl\u0131 fiziksel de\u011fi\u015fim ile ilk tutma sonras\u0131nda, prepolimer\u2019in nem ile reaksiyonu sonucu olan yap\u0131\u015ft\u0131rmad\u0131r.<\/p>\n\n\n\n<p><strong>Solvent bazl\u0131 tutkal:<\/strong>&nbsp;Solvent i\u00e7inde \u00e7\u00f6zu\u0308nmu\u0308\u015f reaktif PU (Hot melt sisteminin \u00e7\u00f6zu\u0308cu\u0308 i\u00e7indeki versiyonudur) uygulama sonras\u0131nda solventin uzakla\u015fmas\u0131 ve kat\u0131 maddenin nem ile reaksiyonu ile yap\u0131\u015fma sa\u011flar.<\/p>\n\n\n\n<p><strong>Su bazl\u0131 tutkal:<\/strong>&nbsp;Su i\u00e7eren polimer malzemelerdir. Uygulama sonras\u0131 suyun uzakla\u015fmas\u0131 ile polimer bile\u015fenlerin yap\u0131\u015fmay\u0131 sa\u011flad\u0131\u011f\u0131 y\u00f6ntemdir. Su i\u00e7indeki bu polimerler, PVA, lateks veya poliu\u0308retan olabilir.<\/p>","protected":false},"excerpt":{"rendered":"<p>Textile Lamination Lamination process, which is one of the most important applications in the textile industry, is the most critical quality element of the final product. For this quality, superior adhesion strength and washing resistance are the two priority parameters required in lamination processes. Lamination types in textile are as follows; Flame lamination:&nbsp;It is made [&hellip;]<\/p>","protected":false},"author":1,"featured_media":0,"parent":0,"menu_order":0,"comment_status":"closed","ping_status":"closed","template":"wp-custom-template-purin-adhe-textile-lamination","meta":{"_editorskit_title_hidden":false,"_editorskit_reading_time":0,"_editorskit_is_block_options_detached":false,"_editorskit_block_options_position":"{}","passster_activate_protection":false,"passster_protect_child_pages":"","passster_protection_type":"password","passster_password":"","passster_activate_overwrite_defaults":"","passster_headline":"","passster_instruction":"","passster_placeholder":"","passster_button":"","passster_id":"","passster_activate_misc_settings":"","passster_redirect_url":"","passster_hide":"no","passster_area_shortcode":"","footnotes":""},"class_list":["post-535","page","type-page","status-publish","hentry"],"yoast_head":"<!-- This site is optimized with the Yoast SEO plugin v23.4 - https:\/\/yoast.com\/wordpress\/plugins\/seo\/ -->\n<title>Technical Laminations - PURIN<\/title>\n<meta name=\"description\" content=\"Lamination process, which is one of the most important applications in the textile industry, is the most critical quality element of the final product.\" \/>\n<meta name=\"robots\" content=\"index, follow, max-snippet:-1, max-image-preview:large, max-video-preview:-1\" \/>\n<link rel=\"canonical\" href=\"https:\/\/puringlobal.com\/tr\/technical-laminations\/\" \/>\n<meta property=\"og:locale\" content=\"tr_TR\" \/>\n<meta property=\"og:type\" content=\"article\" \/>\n<meta property=\"og:title\" content=\"Technical Laminations - PURIN\" \/>\n<meta property=\"og:description\" content=\"Lamination process, which is one of the most important applications in the textile industry, is the most critical quality element of the final product.\" \/>\n<meta property=\"og:url\" content=\"https:\/\/puringlobal.com\/tr\/technical-laminations\/\" \/>\n<meta property=\"og:site_name\" content=\"PURIN\" \/>\n<meta property=\"article:modified_time\" content=\"2024-01-24T06:46:34+00:00\" \/>\n<meta name=\"twitter:card\" content=\"summary_large_image\" \/>\n<meta name=\"twitter:label1\" content=\"Tahmini okuma s\u00fcresi\" \/>\n\t<meta name=\"twitter:data1\" content=\"1 dakika\" \/>\n<script type=\"application\/ld+json\" class=\"yoast-schema-graph\">{\"@context\":\"https:\/\/schema.org\",\"@graph\":[{\"@type\":\"WebPage\",\"@id\":\"https:\/\/puringlobal.com\/technical-laminations\/\",\"url\":\"https:\/\/puringlobal.com\/technical-laminations\/\",\"name\":\"Technical Laminations - PURIN\",\"isPartOf\":{\"@id\":\"https:\/\/puringlobal.com\/#website\"},\"datePublished\":\"2024-01-11T11:17:33+00:00\",\"dateModified\":\"2024-01-24T06:46:34+00:00\",\"description\":\"Lamination process, which is one of the most important applications in the textile industry, is the most critical quality element of the final product.\",\"breadcrumb\":{\"@id\":\"https:\/\/puringlobal.com\/technical-laminations\/#breadcrumb\"},\"inLanguage\":\"tr\",\"potentialAction\":[{\"@type\":\"ReadAction\",\"target\":[\"https:\/\/puringlobal.com\/technical-laminations\/\"]}]},{\"@type\":\"BreadcrumbList\",\"@id\":\"https:\/\/puringlobal.com\/technical-laminations\/#breadcrumb\",\"itemListElement\":[{\"@type\":\"ListItem\",\"position\":1,\"name\":\"Home\",\"item\":\"https:\/\/puringlobal.com\/\"},{\"@type\":\"ListItem\",\"position\":2,\"name\":\"Technical Laminations\"}]},{\"@type\":\"WebSite\",\"@id\":\"https:\/\/puringlobal.com\/#website\",\"url\":\"https:\/\/puringlobal.com\/\",\"name\":\"PURIN\",\"description\":\"\",\"publisher\":{\"@id\":\"https:\/\/puringlobal.com\/#organization\"},\"potentialAction\":[{\"@type\":\"SearchAction\",\"target\":{\"@type\":\"EntryPoint\",\"urlTemplate\":\"https:\/\/puringlobal.com\/?s={search_term_string}\"},\"query-input\":{\"@type\":\"PropertyValueSpecification\",\"valueRequired\":true,\"valueName\":\"search_term_string\"}}],\"inLanguage\":\"tr\"},{\"@type\":\"Organization\",\"@id\":\"https:\/\/puringlobal.com\/#organization\",\"name\":\"PURIN\",\"url\":\"https:\/\/puringlobal.com\/\",\"logo\":{\"@type\":\"ImageObject\",\"inLanguage\":\"tr\",\"@id\":\"https:\/\/puringlobal.com\/#\/schema\/logo\/image\/\",\"url\":\"https:\/\/puringlobal.com\/wp-content\/uploads\/2024\/01\/purin.png\",\"contentUrl\":\"https:\/\/puringlobal.com\/wp-content\/uploads\/2024\/01\/purin.png\",\"width\":3207,\"height\":784,\"caption\":\"PURIN\"},\"image\":{\"@id\":\"https:\/\/puringlobal.com\/#\/schema\/logo\/image\/\"}}]}<\/script>\n<!-- \/ Yoast SEO plugin. -->","yoast_head_json":{"title":"Technical Laminations - PURIN","description":"Lamination process, which is one of the most important applications in the textile industry, is the most critical quality element of the final product.","robots":{"index":"index","follow":"follow","max-snippet":"max-snippet:-1","max-image-preview":"max-image-preview:large","max-video-preview":"max-video-preview:-1"},"canonical":"https:\/\/puringlobal.com\/tr\/technical-laminations\/","og_locale":"tr_TR","og_type":"article","og_title":"Technical Laminations - PURIN","og_description":"Lamination process, which is one of the most important applications in the textile industry, is the most critical quality element of the final product.","og_url":"https:\/\/puringlobal.com\/tr\/technical-laminations\/","og_site_name":"PURIN","article_modified_time":"2024-01-24T06:46:34+00:00","twitter_card":"summary_large_image","twitter_misc":{"Tahmini okuma s\u00fcresi":"1 dakika"},"schema":{"@context":"https:\/\/schema.org","@graph":[{"@type":"WebPage","@id":"https:\/\/puringlobal.com\/technical-laminations\/","url":"https:\/\/puringlobal.com\/technical-laminations\/","name":"Technical Laminations - PURIN","isPartOf":{"@id":"https:\/\/puringlobal.com\/#website"},"datePublished":"2024-01-11T11:17:33+00:00","dateModified":"2024-01-24T06:46:34+00:00","description":"Lamination process, which is one of the most important applications in the textile industry, is the most critical quality element of the final product.","breadcrumb":{"@id":"https:\/\/puringlobal.com\/technical-laminations\/#breadcrumb"},"inLanguage":"tr","potentialAction":[{"@type":"ReadAction","target":["https:\/\/puringlobal.com\/technical-laminations\/"]}]},{"@type":"BreadcrumbList","@id":"https:\/\/puringlobal.com\/technical-laminations\/#breadcrumb","itemListElement":[{"@type":"ListItem","position":1,"name":"Home","item":"https:\/\/puringlobal.com\/"},{"@type":"ListItem","position":2,"name":"Technical Laminations"}]},{"@type":"WebSite","@id":"https:\/\/puringlobal.com\/#website","url":"https:\/\/puringlobal.com\/","name":"PURIN","description":"","publisher":{"@id":"https:\/\/puringlobal.com\/#organization"},"potentialAction":[{"@type":"SearchAction","target":{"@type":"EntryPoint","urlTemplate":"https:\/\/puringlobal.com\/?s={search_term_string}"},"query-input":{"@type":"PropertyValueSpecification","valueRequired":true,"valueName":"search_term_string"}}],"inLanguage":"tr"},{"@type":"Organization","@id":"https:\/\/puringlobal.com\/#organization","name":"PURIN","url":"https:\/\/puringlobal.com\/","logo":{"@type":"ImageObject","inLanguage":"tr","@id":"https:\/\/puringlobal.com\/#\/schema\/logo\/image\/","url":"https:\/\/puringlobal.com\/wp-content\/uploads\/2024\/01\/purin.png","contentUrl":"https:\/\/puringlobal.com\/wp-content\/uploads\/2024\/01\/purin.png","width":3207,"height":784,"caption":"PURIN"},"image":{"@id":"https:\/\/puringlobal.com\/#\/schema\/logo\/image\/"}}]}},"_links":{"self":[{"href":"https:\/\/puringlobal.com\/tr\/wp-json\/wp\/v2\/pages\/535","targetHints":{"allow":["GET"]}}],"collection":[{"href":"https:\/\/puringlobal.com\/tr\/wp-json\/wp\/v2\/pages"}],"about":[{"href":"https:\/\/puringlobal.com\/tr\/wp-json\/wp\/v2\/types\/page"}],"author":[{"embeddable":true,"href":"https:\/\/puringlobal.com\/tr\/wp-json\/wp\/v2\/users\/1"}],"replies":[{"embeddable":true,"href":"https:\/\/puringlobal.com\/tr\/wp-json\/wp\/v2\/comments?post=535"}],"version-history":[{"count":0,"href":"https:\/\/puringlobal.com\/tr\/wp-json\/wp\/v2\/pages\/535\/revisions"}],"wp:attachment":[{"href":"https:\/\/puringlobal.com\/tr\/wp-json\/wp\/v2\/media?parent=535"}],"curies":[{"name":"wp","href":"https:\/\/api.w.org\/{rel}","templated":true}]}}